{"id":4228,"date":"2023-02-27T16:43:56","date_gmt":"2023-02-27T16:43:56","guid":{"rendered":"http:\/\/s1010864881.mialojamiento.es\/textura\/politica-de-privacidad\/"},"modified":"2023-10-05T10:46:23","modified_gmt":"2023-10-05T10:46:23","slug":"politica-de-privacidad","status":"publish","type":"page","link":"https:\/\/texturaceramics.com\/es\/politica-de-privacidad\/","title":{"rendered":"Pol\u00edtica de privacidad"},"content":{"rendered":"<div class=\"fusion-fullwidth fullwidth-box fusion-builder-row-1 fusion-flex-container has-pattern-background has-mask-background nonhundred-percent-fullwidth non-hundred-percent-height-scrolling\" style=\"--awb-border-radius-top-left:0px;--awb-border-radius-top-right:0px;--awb-border-radius-bottom-right:0px;--awb-border-radius-bottom-left:0px;--awb-padding-top:0px;--awb-padding-bottom:0px;--awb-margin-top:0px;--awb-margin-bottom:0px;--awb-flex-wrap:wrap;\" ><div class=\"fusion-builder-row fusion-row fusion-flex-align-items-flex-start fusion-flex-content-wrap\" style=\"max-width:1320.8px;margin-left: calc(-4% \/ 2 );margin-right: calc(-4% \/ 2 );\"><div class=\"fusion-layout-column fusion_builder_column fusion-builder-column-0 fusion_builder_column_1_1 1_1 fusion-flex-column\" style=\"--awb-bg-size:cover;--awb-width-large:100%;--awb-margin-top-large:25px;--awb-spacing-right-large:1.92%;--awb-margin-bottom-large:25px;--awb-spacing-left-large:1.92%;--awb-width-medium:100%;--awb-order-medium:0;--awb-spacing-right-medium:1.92%;--awb-spacing-left-medium:1.92%;--awb-width-small:100%;--awb-order-small:0;--awb-spacing-right-small:1.92%;--awb-spacing-left-small:1.92%;\"><div class=\"fusion-column-wrapper fusion-column-has-shadow fusion-flex-justify-content-flex-start fusion-content-layout-column\"><div class=\"fusion-text fusion-text-1\"><h3>Pol\u00edtica de privacidad<\/h3>\n<p><strong>Responsable del tratamiento<\/strong><\/p>\n<p>TEXTURA CERAMICS<\/p>\n<p><strong>Finalidad del tratamiento<\/strong><\/p>\n<ul>\n<li>Gestionar su registro como usuario del sitio Web.<\/li>\n<li>Enviar publicidad de TEXTURA CERAMICS, si lo ha autorizado expresamente.<\/li>\n<\/ul>\n<p>Legitimaci\u00f3n del tratamiento<\/p>\n<p>Prestaci\u00f3n del consentimiento expreso y ejecuci\u00f3n de la relaci\u00f3n registral voluntariamente aceptada.<\/p>\n<p><strong>Destinatarios<\/strong><\/p>\n<ul>\n<li>Solo podr\u00e1 tener acceso a sus datos personales, GLOSALIA y los proveedores contratados por GLOSALIA.<\/li>\n<li>En ning\u00fan caso habr\u00e1 transferencia internacional de datos.<\/li>\n<\/ul>\n<p><strong>Derechos<\/strong><\/p>\n<ul>\n<li>Acceso (acceso a sus datos)<\/li>\n<li>Rectificaci\u00f3n (que se completen o actualicen)<\/li>\n<li>Oposici\u00f3n (que se dejen de tratar los datos)<\/li>\n<li>Supresi\u00f3n (que se supriman dichos datos)<\/li>\n<li>Portabilidad (pedir copia para transmitirlos a otra compa\u00f1\u00eda)<\/li>\n<li>Limitaci\u00f3n (que se traten los datos de forma limitada)<\/li>\n<\/ul>\n<p>Con copia del DNI o pasaporte: petici\u00f3n a TEXTURA CERAMICS.<\/p>\n<p><strong>A continuaci\u00f3n puede encontrar m\u00e1s informaci\u00f3n sobre los puntos anteriormente indicados:<\/strong><\/p>\n<p>a) Normativa aplicable:<\/p>\n<p>La recogida de datos personales se realiza seg\u00fan lo previsto en el Reglamento (UE) 2016\/679 del Parlamento Europeo y del Consejo, de 27 de abril de 2016, relativo a la protecci\u00f3n de las personas f\u00edsicas en lo que respecta al tratamiento de datos personales, tambi\u00e9n conocido como RGPD.<\/p>\n<p>b) Responsable de los datos:<\/p>\n<p>Una vez obtenido su consentimiento expl\u00edcito, los datos personales pasar\u00e1n a formar parte de las bases de datos de TEXTURA CERAMICS como entidad responsable del tratamiento de sus datos.<\/p>\n<p>c) Tipos de datos y finalidades para las que se utilizar\u00e1n:<\/p>\n<p>Los datos que se recaban ser\u00e1n utilizados para gestionar su alta como usuario registrado del sitio Web, as\u00ed como remitirle comunicaciones comerciales de GLOSALIA si as\u00ed lo ha autorizado expl\u00edcitamente, utilizando para ello la casilla expresamente habilitada al efecto.<\/p>\n<p>En cualquier momento podr\u00e1 darse de baja como usuario registrado, utilizando los medios que se incluyen tanto en la tabla anterior, como en el apartado de ejercicio de derechos.<\/p>\n<p>Por otra parte, en cada comunicaci\u00f3n comercial que reciba por medios electr\u00f3nicos, se le dar\u00e1 la posibilidad de darse de baja de los mismos.<\/p>\n<p>d) Legitimaci\u00f3n del tratamiento:<\/p>\n<p>TEXTURA est\u00e1 legitimada para el tratamiento de los datos, gracias al consentimiento que expl\u00edcitamente ha prestado para ello, pasando a formar parte de la base de datos de dicha compa\u00f1\u00eda, como usuario registrado del sitio Web.<\/p>\n<p>e) Acceso a sus datos por terceras empresas:<\/p>\n<p>Es posible que TEXTURA CERAMICS tenga acceso a ciertos datos ya que presta a sus filiales algunos servicios administrativos vinculados a nuestros sistemas inform\u00e1ticos (gestionados de forma centralizada por dicha compa\u00f1\u00eda). En ning\u00fan caso dicha compa\u00f1\u00eda explotar\u00e1 sus datos ni se utilizar\u00e1n en beneficio de la misma, limit\u00e1ndose el referido tratamiento de los datos, a la finalidad indicada en la presente cl\u00e1usula. Dicha compa\u00f1\u00eda aplica adem\u00e1s los mismos criterios y tiene implantadas las correspondientes medidas de seguridad, para garantizar la seguridad y confidencialidad de los datos.<\/p>\n<p>Por otra parte, TEXTURA CERAMICS puede tener contratados los servicios de proveedores externos que, con motivo de la prestaci\u00f3n del citado servicio, podr\u00e1n acceder a nuestras bases de datos. Es lo que el RGPD denomina encargados de tratamiento. Con dichos proveedores se ha suscrito el correspondiente contrato, nuevamente para garantizar la seguridad y confidencialidad de los datos de los que somos responsables. En ning\u00fan caso tratan los datos en beneficio propio o con finalidades distintas a las anteriormente indicadas.<\/p>\n<p>En este sentido, se informa tambi\u00e9n de que en ning\u00fan caso sus datos ser\u00e1n comunicados a otras compa\u00f1\u00edas, ni se transferir\u00e1n a terceras empresas domiciliadas en pa\u00edses que no ofrezcan un sistema de protecci\u00f3n equiparable al europeo. Todo ello, con la excepci\u00c3\u00b3n de que en alg\u00c3\u00ban caso concreto el usuario lo autorice expresamente o una Ley as\u00ed lo requiera.<\/p>\n<p>TEXTURA no utilizar\u00e1 los datos para ning\u00fan fin que sea incompatible con los fines indicados, a menos que sean requeridos por la ley o autorizados por el usuario.<\/p>\n<p>f) Plazos de conservaci\u00f3n:<\/p>\n<p>Los datos personales se conservar\u00c3\u00a1n mientras perdure la relaci\u00f3n con GLOSALIA, salvo que el usuario se oponga a ello en cualquier momento utilizando los medios para el ejercicio de los derechos, que se describen en el apartado siguiente y en la tabla incorporada al principio de esta pol\u00edtica.<\/p>\n<p>Tambi\u00e9n podr\u00e1n conservarse los datos debidamente bloqueados para su puesta a disposici\u00f3n de las Administraciones p\u00fablicas, Jueces y Tribunales para la atenci\u00f3n, en su caso, de las posibles responsabilidades nacidas del tratamiento, pero s\u00f3lo durante el plazo de prescripci\u00f3n de dichas responsabilidades.<\/p>\n<p>g) Ejercicio de derechos por parte de los usuarios:<\/p>\n<p>Puede ejercitar sus derechos:<\/p>\n<ul>\n<li>de acceso (acceso a sus datos y finalidades con las que GLOSALIA trata los datos);<\/li>\n<li>rectificaci\u00f3n (que se completen o actualicen cualquiera de los datos personales que sean inexactos o incompletos);<\/li>\n<li>oposici\u00f3n (que se dejen de tratar los datos personales);<\/li>\n<li>supresi\u00f3n (que se supriman dichos datos);<\/li>\n<li>portabilidad (posibilidad de recibir una copia de los datos para transmitirlos a otra compa\u00f1\u00ed\u00ada);<\/li>\n<li>y limitaci\u00f3n (que se traten los datos de forma limitada seg\u00fan las indicaciones del titular de los mismos);<\/li>\n<li>revocar el consentimiento prestado para el env\u00c3\u00ado de comunicaciones comerciales;<\/li>\n<li>revocar el consentimiento prestado para el tratamiento de sus datos, sin perjuicio de la legalidad del tratamiento basado en el consentimiento prestado de forma previa a la revocaci\u00f3n.<\/li>\n<\/ul>\n<p>Dirigi\u00e9ndose por escrito a TEXTURA CERAMICS, aportando copia de su DNI o Pasaporte, DIRECCI\u00d3N CLIENTE, o bien a la direcci\u00f3n de correo electr\u00f3nico: EMAIL CLIENTE, que atender\u00e1 cualquier consulta relacionada con el tratamiento de sus datos personales.<\/p>\n<p>h) Reclamaci\u00f3n ante las autoridades:<\/p>\n<p>Puede presentar una reclamaci\u00f3n ante la autoridad de control en materia de protecci\u00f3n de datos del pa\u00eds de la Uni\u00f3n Europea en el que resida o del pa\u00eds de la Uni\u00f3n Europea en el que se haya infringido dicha ley de protecci\u00f3n de datos.<\/p>\n<p>En Espa\u00f1a la autoridad competente es la Agencia Espa\u00f1ola de Protecci\u00f3n de Datos.<\/p>\n<\/div><\/div><\/div><\/div><\/div>\n","protected":false},"excerpt":{"rendered":"","protected":false},"author":2,"featured_media":0,"parent":0,"menu_order":0,"comment_status":"closed","ping_status":"closed","template":"","meta":{"_acf_changed":false,"footnotes":""},"class_list":["post-4228","page","type-page","status-publish","hentry"],"acf":[],"yoast_head":"<!-- This site is optimized with the Yoast SEO plugin v27.3 - https:\/\/yoast.com\/product\/yoast-seo-wordpress\/ -->\n<title>Pol\u00edtica de privacidad - Textura Ceramics<\/title>\n<meta name=\"robots\" content=\"index, follow, max-snippet:-1, max-image-preview:large, max-video-preview:-1\" \/>\n<link rel=\"canonical\" href=\"https:\/\/texturaceramics.com\/privacy-policy\/\" \/>\n<meta property=\"og:locale\" content=\"es_ES\" \/>\n<meta property=\"og:type\" content=\"article\" \/>\n<meta property=\"og:title\" content=\"Pol\u00edtica de privacidad - Textura Ceramics\" \/>\n<meta property=\"og:url\" content=\"https:\/\/texturaceramics.com\/privacy-policy\/\" \/>\n<meta property=\"og:site_name\" content=\"Textura Ceramics\" \/>\n<meta property=\"article:modified_time\" content=\"2023-10-05T10:46:23+00:00\" \/>\n<meta property=\"og:image\" content=\"https:\/\/texturaceramics.com\/wp-content\/uploads\/2023\/02\/textura-scaled.jpg\" \/>\n\t<meta property=\"og:image:width\" content=\"2560\" \/>\n\t<meta property=\"og:image:height\" content=\"1180\" \/>\n\t<meta property=\"og:image:type\" content=\"image\/jpeg\" \/>\n<meta name=\"twitter:card\" content=\"summary_large_image\" \/>\n<script type=\"application\/ld+json\" class=\"yoast-schema-graph\">{\"@context\":\"https:\\\/\\\/schema.org\",\"@graph\":[{\"@type\":\"WebPage\",\"@id\":\"https:\\\/\\\/texturaceramics.com\\\/privacy-policy\\\/\",\"url\":\"https:\\\/\\\/texturaceramics.com\\\/privacy-policy\\\/\",\"name\":\"Pol\u00edtica de privacidad - Textura Ceramics\",\"isPartOf\":{\"@id\":\"https:\\\/\\\/texturaceramics.com\\\/#website\"},\"datePublished\":\"2023-02-27T16:43:56+00:00\",\"dateModified\":\"2023-10-05T10:46:23+00:00\",\"breadcrumb\":{\"@id\":\"https:\\\/\\\/texturaceramics.com\\\/privacy-policy\\\/#breadcrumb\"},\"inLanguage\":\"es\",\"potentialAction\":[{\"@type\":\"ReadAction\",\"target\":[\"https:\\\/\\\/texturaceramics.com\\\/privacy-policy\\\/\"]}]},{\"@type\":\"BreadcrumbList\",\"@id\":\"https:\\\/\\\/texturaceramics.com\\\/privacy-policy\\\/#breadcrumb\",\"itemListElement\":[{\"@type\":\"ListItem\",\"position\":1,\"name\":\"Home\",\"item\":\"https:\\\/\\\/texturaceramics.com\\\/es\\\/\"},{\"@type\":\"ListItem\",\"position\":2,\"name\":\"Pol\u00edtica de privacidad\"}]},{\"@type\":\"WebSite\",\"@id\":\"https:\\\/\\\/texturaceramics.com\\\/#website\",\"url\":\"https:\\\/\\\/texturaceramics.com\\\/\",\"name\":\"Textura Ceramics\",\"description\":\"Textura Ceramics\",\"potentialAction\":[{\"@type\":\"SearchAction\",\"target\":{\"@type\":\"EntryPoint\",\"urlTemplate\":\"https:\\\/\\\/texturaceramics.com\\\/?s={search_term_string}\"},\"query-input\":{\"@type\":\"PropertyValueSpecification\",\"valueRequired\":true,\"valueName\":\"search_term_string\"}}],\"inLanguage\":\"es\"}]}<\/script>\n<!-- \/ Yoast SEO plugin. -->","yoast_head_json":{"title":"Pol\u00edtica de privacidad - Textura Ceramics","robots":{"index":"index","follow":"follow","max-snippet":"max-snippet:-1","max-image-preview":"max-image-preview:large","max-video-preview":"max-video-preview:-1"},"canonical":"https:\/\/texturaceramics.com\/privacy-policy\/","og_locale":"es_ES","og_type":"article","og_title":"Pol\u00edtica de privacidad - Textura Ceramics","og_url":"https:\/\/texturaceramics.com\/privacy-policy\/","og_site_name":"Textura Ceramics","article_modified_time":"2023-10-05T10:46:23+00:00","og_image":[{"width":2560,"height":1180,"url":"https:\/\/texturaceramics.com\/wp-content\/uploads\/2023\/02\/textura-scaled.jpg","type":"image\/jpeg"}],"twitter_card":"summary_large_image","schema":{"@context":"https:\/\/schema.org","@graph":[{"@type":"WebPage","@id":"https:\/\/texturaceramics.com\/privacy-policy\/","url":"https:\/\/texturaceramics.com\/privacy-policy\/","name":"Pol\u00edtica de privacidad - Textura Ceramics","isPartOf":{"@id":"https:\/\/texturaceramics.com\/#website"},"datePublished":"2023-02-27T16:43:56+00:00","dateModified":"2023-10-05T10:46:23+00:00","breadcrumb":{"@id":"https:\/\/texturaceramics.com\/privacy-policy\/#breadcrumb"},"inLanguage":"es","potentialAction":[{"@type":"ReadAction","target":["https:\/\/texturaceramics.com\/privacy-policy\/"]}]},{"@type":"BreadcrumbList","@id":"https:\/\/texturaceramics.com\/privacy-policy\/#breadcrumb","itemListElement":[{"@type":"ListItem","position":1,"name":"Home","item":"https:\/\/texturaceramics.com\/es\/"},{"@type":"ListItem","position":2,"name":"Pol\u00edtica de privacidad"}]},{"@type":"WebSite","@id":"https:\/\/texturaceramics.com\/#website","url":"https:\/\/texturaceramics.com\/","name":"Textura Ceramics","description":"Textura Ceramics","potentialAction":[{"@type":"SearchAction","target":{"@type":"EntryPoint","urlTemplate":"https:\/\/texturaceramics.com\/?s={search_term_string}"},"query-input":{"@type":"PropertyValueSpecification","valueRequired":true,"valueName":"search_term_string"}}],"inLanguage":"es"}]}},"_links":{"self":[{"href":"https:\/\/texturaceramics.com\/es\/wp-json\/wp\/v2\/pages\/4228","targetHints":{"allow":["GET"]}}],"collection":[{"href":"https:\/\/texturaceramics.com\/es\/wp-json\/wp\/v2\/pages"}],"about":[{"href":"https:\/\/texturaceramics.com\/es\/wp-json\/wp\/v2\/types\/page"}],"author":[{"embeddable":true,"href":"https:\/\/texturaceramics.com\/es\/wp-json\/wp\/v2\/users\/2"}],"replies":[{"embeddable":true,"href":"https:\/\/texturaceramics.com\/es\/wp-json\/wp\/v2\/comments?post=4228"}],"version-history":[{"count":5,"href":"https:\/\/texturaceramics.com\/es\/wp-json\/wp\/v2\/pages\/4228\/revisions"}],"predecessor-version":[{"id":4263,"href":"https:\/\/texturaceramics.com\/es\/wp-json\/wp\/v2\/pages\/4228\/revisions\/4263"}],"wp:attachment":[{"href":"https:\/\/texturaceramics.com\/es\/wp-json\/wp\/v2\/media?parent=4228"}],"curies":[{"name":"wp","href":"https:\/\/api.w.org\/{rel}","templated":true}]}}