{"id":4267,"date":"2023-02-27T16:47:24","date_gmt":"2023-02-27T16:47:24","guid":{"rendered":"http:\/\/s1010864881.mialojamiento.es\/textura\/politica-de-cookies\/"},"modified":"2023-10-05T11:10:58","modified_gmt":"2023-10-05T11:10:58","slug":"politica-de-cookies","status":"publish","type":"page","link":"https:\/\/texturaceramics.com\/es\/politica-de-cookies\/","title":{"rendered":"Pol\u00edtica de cookies"},"content":{"rendered":"<div class=\"fusion-fullwidth fullwidth-box fusion-builder-row-1 fusion-flex-container has-pattern-background has-mask-background nonhundred-percent-fullwidth non-hundred-percent-height-scrolling\" style=\"--awb-border-radius-top-left:0px;--awb-border-radius-top-right:0px;--awb-border-radius-bottom-right:0px;--awb-border-radius-bottom-left:0px;--awb-padding-top:0px;--awb-padding-bottom:0px;--awb-margin-top:0px;--awb-margin-bottom:0px;--awb-flex-wrap:wrap;\" ><div class=\"fusion-builder-row fusion-row fusion-flex-align-items-flex-start fusion-flex-content-wrap\" style=\"max-width:1320.8px;margin-left: calc(-4% \/ 2 );margin-right: calc(-4% \/ 2 );\"><div class=\"fusion-layout-column fusion_builder_column fusion-builder-column-0 fusion_builder_column_1_1 1_1 fusion-flex-column\" style=\"--awb-bg-size:cover;--awb-width-large:100%;--awb-margin-top-large:25px;--awb-spacing-right-large:1.92%;--awb-margin-bottom-large:25px;--awb-spacing-left-large:1.92%;--awb-width-medium:100%;--awb-order-medium:0;--awb-spacing-right-medium:1.92%;--awb-spacing-left-medium:1.92%;--awb-width-small:100%;--awb-order-small:0;--awb-spacing-right-small:1.92%;--awb-spacing-left-small:1.92%;\"><div class=\"fusion-column-wrapper fusion-column-has-shadow fusion-flex-justify-content-flex-start fusion-content-layout-column\"><div class=\"fusion-text fusion-text-1\"><h3>Pol\u00edtica de cookies<\/h3>\n<p>Las cookies son peque\u00f1os archivos de texto almacenados en su navegador cuando utiliza los sitios Web o aplicaciones (app). Puede controlar c\u00f3mo se utilizan estas cookies mediante la configuraci\u00f3n de los ajustes en la privacidad del navegador (ver ayuda del navegador para obtener m\u00e1s informaci\u00f3n sobre el control de cookies). Tenga en cuenta que, si desactiva por completo las cookies, los sitios Web y las aplicaciones de GLOSALIA, es posible que no funcionen correctamente.<\/p>\n<p>TEXTURA y las empresas que nos ayudan a administrar nuestros negocios hacen uso de cookies de diferentes maneras, por ejemplo:<\/p>\n<ul>\n<li>Autenticar e identificar a los usuarios de los sitios y en nuestras aplicaciones para que podamos ofrecer los servicios requeridos.<\/li>\n<li>Recordar las preferencias del usuario.<\/li>\n<li>Medir el uso de los sitios web por parte del usuario para que podamos mejorarlos, personalizar los sitios web y servicios en l\u00ednea seg\u00fan los intereses del usuario y realizar estudios de mercado.<\/li>\n<li>Analizar los h\u00e1bitos de navegaci\u00f3n de los usuarios para proporcionar mensajes m\u00e1s personalizados y\/o espec\u00edficos.<\/li>\n<\/ul>\n<p><strong>Tecnolog\u00edas similares para cookies<\/strong><\/p>\n<p>Desde un punto de vista t\u00e9cnico, las cookies se llaman \u00abcookies HTTP\u00bb. Existen otras tecnolog\u00edas que pueden utilizarse para fines similares, tales como almacenamiento local de HTML5.<\/p>\n<p>Para autenticar a los usuarios, realizar un seguimiento de la informaci\u00f3n proporcionada por los usuarios y recordar las preferencias del usuario.<\/p>\n<p><strong>Contadores de visitas web y scripts incrustados<\/strong><\/p>\n<p>Los contadores de visitas web y scripts incrustados son otras tecnolog\u00edas que utilizamos en nuestros sitios web y aplicaciones, y en algunos de nuestros correos electr\u00f3nicos y mensajes.<\/p>\n<p>Los contadores de visitas (o \u00abtag\u00bb) se componen de c\u00f3digo de programaci\u00f3n sencillo incrustado en p\u00e1ginas web, correos electr\u00f3nicos y mensajes que se comunican con TEXTURA (o empresas que nos ayudan a llevar nuestro negocio), cuando este tipo de p\u00e1ginas web, correos electr\u00f3nicos o mensajes son le\u00eddos o se hace clic en ellos.<\/p>\n<p>Los scripts incrustados programan c\u00f3digo dentro de algunas de nuestras p\u00e1ginas para medir el modo de uso de los mismos, por ejemplo, los enlaces que utiliza. Utilizamos esta informaci\u00f3n para mejorar nuestros sitios web y los servicios en l\u00ednea, para adaptarlos a los intereses de los potenciales usuarios y para llevar a cabo estudios de mercado. Los usuarios pueden deshabilitar las caracter\u00edsticas de secuencias de comandos, tales como JavaScript, en el navegador (consulte la funci\u00f3n de ayuda del navegador). Tenga en cuenta que si deshabilita las capacidades de scripting, algunos sitios Web y las aplicaciones de TEXTURA puede no funcionar correctamente.<\/p>\n<p><strong>Restricci\u00f3n o bloqueo de cookies<\/strong><\/p>\n<p>Para restringir o bloquear las cookies utilizadas en este sitio web, utilice el Gestor de preferencias de cookies.<\/p>\n<p>Tenga en cuenta que limitar el uso de cookies en este sitio web puede disminuir su funcionalidad y usabilidad.<\/p>\n<\/div><\/div><\/div><\/div><\/div>\n","protected":false},"excerpt":{"rendered":"","protected":false},"author":2,"featured_media":0,"parent":0,"menu_order":0,"comment_status":"closed","ping_status":"closed","template":"","meta":{"_acf_changed":false,"footnotes":""},"class_list":["post-4267","page","type-page","status-publish","hentry"],"acf":[],"yoast_head":"<!-- This site is optimized with the Yoast SEO plugin v27.3 - https:\/\/yoast.com\/product\/yoast-seo-wordpress\/ -->\n<title>Pol\u00edtica de cookies - Textura Ceramics<\/title>\n<meta name=\"robots\" content=\"index, follow, max-snippet:-1, max-image-preview:large, max-video-preview:-1\" \/>\n<link rel=\"canonical\" href=\"https:\/\/texturaceramics.com\/cookies-policy\/\" \/>\n<meta property=\"og:locale\" content=\"es_ES\" \/>\n<meta property=\"og:type\" content=\"article\" \/>\n<meta property=\"og:title\" content=\"Pol\u00edtica de cookies - Textura Ceramics\" \/>\n<meta property=\"og:url\" content=\"https:\/\/texturaceramics.com\/cookies-policy\/\" \/>\n<meta property=\"og:site_name\" content=\"Textura Ceramics\" \/>\n<meta property=\"article:modified_time\" content=\"2023-10-05T11:10:58+00:00\" \/>\n<meta property=\"og:image\" content=\"https:\/\/texturaceramics.com\/wp-content\/uploads\/2023\/02\/textura-scaled.jpg\" \/>\n\t<meta property=\"og:image:width\" content=\"2560\" \/>\n\t<meta property=\"og:image:height\" content=\"1180\" \/>\n\t<meta property=\"og:image:type\" content=\"image\/jpeg\" \/>\n<meta name=\"twitter:card\" content=\"summary_large_image\" \/>\n<script type=\"application\/ld+json\" class=\"yoast-schema-graph\">{\"@context\":\"https:\\\/\\\/schema.org\",\"@graph\":[{\"@type\":\"WebPage\",\"@id\":\"https:\\\/\\\/texturaceramics.com\\\/cookies-policy\\\/\",\"url\":\"https:\\\/\\\/texturaceramics.com\\\/cookies-policy\\\/\",\"name\":\"Pol\u00edtica de cookies - Textura Ceramics\",\"isPartOf\":{\"@id\":\"https:\\\/\\\/texturaceramics.com\\\/#website\"},\"datePublished\":\"2023-02-27T16:47:24+00:00\",\"dateModified\":\"2023-10-05T11:10:58+00:00\",\"breadcrumb\":{\"@id\":\"https:\\\/\\\/texturaceramics.com\\\/cookies-policy\\\/#breadcrumb\"},\"inLanguage\":\"es\",\"potentialAction\":[{\"@type\":\"ReadAction\",\"target\":[\"https:\\\/\\\/texturaceramics.com\\\/cookies-policy\\\/\"]}]},{\"@type\":\"BreadcrumbList\",\"@id\":\"https:\\\/\\\/texturaceramics.com\\\/cookies-policy\\\/#breadcrumb\",\"itemListElement\":[{\"@type\":\"ListItem\",\"position\":1,\"name\":\"Home\",\"item\":\"https:\\\/\\\/texturaceramics.com\\\/es\\\/\"},{\"@type\":\"ListItem\",\"position\":2,\"name\":\"Pol\u00edtica de cookies\"}]},{\"@type\":\"WebSite\",\"@id\":\"https:\\\/\\\/texturaceramics.com\\\/#website\",\"url\":\"https:\\\/\\\/texturaceramics.com\\\/\",\"name\":\"Textura Ceramics\",\"description\":\"Textura Ceramics\",\"potentialAction\":[{\"@type\":\"SearchAction\",\"target\":{\"@type\":\"EntryPoint\",\"urlTemplate\":\"https:\\\/\\\/texturaceramics.com\\\/?s={search_term_string}\"},\"query-input\":{\"@type\":\"PropertyValueSpecification\",\"valueRequired\":true,\"valueName\":\"search_term_string\"}}],\"inLanguage\":\"es\"}]}<\/script>\n<!-- \/ Yoast SEO plugin. -->","yoast_head_json":{"title":"Pol\u00edtica de cookies - Textura Ceramics","robots":{"index":"index","follow":"follow","max-snippet":"max-snippet:-1","max-image-preview":"max-image-preview:large","max-video-preview":"max-video-preview:-1"},"canonical":"https:\/\/texturaceramics.com\/cookies-policy\/","og_locale":"es_ES","og_type":"article","og_title":"Pol\u00edtica de cookies - Textura Ceramics","og_url":"https:\/\/texturaceramics.com\/cookies-policy\/","og_site_name":"Textura Ceramics","article_modified_time":"2023-10-05T11:10:58+00:00","og_image":[{"width":2560,"height":1180,"url":"https:\/\/texturaceramics.com\/wp-content\/uploads\/2023\/02\/textura-scaled.jpg","type":"image\/jpeg"}],"twitter_card":"summary_large_image","schema":{"@context":"https:\/\/schema.org","@graph":[{"@type":"WebPage","@id":"https:\/\/texturaceramics.com\/cookies-policy\/","url":"https:\/\/texturaceramics.com\/cookies-policy\/","name":"Pol\u00edtica de cookies - Textura Ceramics","isPartOf":{"@id":"https:\/\/texturaceramics.com\/#website"},"datePublished":"2023-02-27T16:47:24+00:00","dateModified":"2023-10-05T11:10:58+00:00","breadcrumb":{"@id":"https:\/\/texturaceramics.com\/cookies-policy\/#breadcrumb"},"inLanguage":"es","potentialAction":[{"@type":"ReadAction","target":["https:\/\/texturaceramics.com\/cookies-policy\/"]}]},{"@type":"BreadcrumbList","@id":"https:\/\/texturaceramics.com\/cookies-policy\/#breadcrumb","itemListElement":[{"@type":"ListItem","position":1,"name":"Home","item":"https:\/\/texturaceramics.com\/es\/"},{"@type":"ListItem","position":2,"name":"Pol\u00edtica de cookies"}]},{"@type":"WebSite","@id":"https:\/\/texturaceramics.com\/#website","url":"https:\/\/texturaceramics.com\/","name":"Textura Ceramics","description":"Textura Ceramics","potentialAction":[{"@type":"SearchAction","target":{"@type":"EntryPoint","urlTemplate":"https:\/\/texturaceramics.com\/?s={search_term_string}"},"query-input":{"@type":"PropertyValueSpecification","valueRequired":true,"valueName":"search_term_string"}}],"inLanguage":"es"}]}},"_links":{"self":[{"href":"https:\/\/texturaceramics.com\/es\/wp-json\/wp\/v2\/pages\/4267","targetHints":{"allow":["GET"]}}],"collection":[{"href":"https:\/\/texturaceramics.com\/es\/wp-json\/wp\/v2\/pages"}],"about":[{"href":"https:\/\/texturaceramics.com\/es\/wp-json\/wp\/v2\/types\/page"}],"author":[{"embeddable":true,"href":"https:\/\/texturaceramics.com\/es\/wp-json\/wp\/v2\/users\/2"}],"replies":[{"embeddable":true,"href":"https:\/\/texturaceramics.com\/es\/wp-json\/wp\/v2\/comments?post=4267"}],"version-history":[{"count":2,"href":"https:\/\/texturaceramics.com\/es\/wp-json\/wp\/v2\/pages\/4267\/revisions"}],"predecessor-version":[{"id":4269,"href":"https:\/\/texturaceramics.com\/es\/wp-json\/wp\/v2\/pages\/4267\/revisions\/4269"}],"wp:attachment":[{"href":"https:\/\/texturaceramics.com\/es\/wp-json\/wp\/v2\/media?parent=4267"}],"curies":[{"name":"wp","href":"https:\/\/api.w.org\/{rel}","templated":true}]}}