{"id":4195,"date":"2023-07-09T17:22:24","date_gmt":"2023-07-09T17:22:24","guid":{"rendered":"http:\/\/s1010864881.mialojamiento.es\/textura\/product\/taza-dino-rosa-de-rayas\/"},"modified":"2025-08-19T15:54:15","modified_gmt":"2025-08-19T15:54:15","slug":"taza-dino-rosa-rayas","status":"publish","type":"product","link":"https:\/\/texturaceramics.com\/es\/producto\/taza-dino-rosa-rayas\/","title":{"rendered":"Taza Dino de rayas rosa"},"content":{"rendered":"<div class=\"fusion-fullwidth fullwidth-box fusion-builder-row-1 fusion-flex-container has-pattern-background has-mask-background nonhundred-percent-fullwidth non-hundred-percent-height-scrolling\" style=\"--awb-border-radius-top-left:0px;--awb-border-radius-top-right:0px;--awb-border-radius-bottom-right:0px;--awb-border-radius-bottom-left:0px;--awb-padding-top:0px;--awb-padding-bottom:0px;--awb-padding-right-small:3%;--awb-padding-left-small:3%;--awb-flex-wrap:wrap;\" ><div class=\"fusion-builder-row fusion-row fusion-flex-align-items-flex-start fusion-flex-content-wrap\" style=\"max-width:1320.8px;margin-left: calc(-4% \/ 2 );margin-right: calc(-4% \/ 2 );\"><div class=\"fusion-layout-column fusion_builder_column fusion-builder-column-0 fusion_builder_column_1_1 1_1 fusion-flex-column\" style=\"--awb-bg-size:cover;--awb-width-large:100%;--awb-margin-top-large:0px;--awb-spacing-right-large:2.56%;--awb-margin-bottom-large:0px;--awb-spacing-left-large:1.92%;--awb-width-medium:100%;--awb-order-medium:0;--awb-spacing-right-medium:1.92%;--awb-spacing-left-medium:1.92%;--awb-width-small:100%;--awb-order-small:0;--awb-spacing-right-small:1.92%;--awb-spacing-left-small:1.92%;\"><div class=\"fusion-column-wrapper fusion-column-has-shadow fusion-flex-justify-content-flex-start fusion-content-layout-column\"><div class=\"fusion-title title fusion-title-1 fusion-sep-none fusion-title-text fusion-title-size-two\" style=\"--awb-margin-top:32px;--awb-margin-bottom:26px;--awb-margin-top-small:26px;--awb-margin-right-small:0px;--awb-margin-bottom-small:16px;--awb-margin-left-small:0px;\"><h2 class=\"fusion-title-heading title-heading-left fusion-responsive-typography-calculated\" style=\"margin:0;--fontSize:44;line-height:1.26;\">Descripci\u00f3n<\/h2><\/div><div class=\"fusion-text fusion-text-1\"><p>\u00bfTe gustan las rayas y el color rosa? \u00a1Pues esta es tu taza!<\/p>\n<p>Hecha a mano con porcelana rosa y decorada con rayas blancas y amarillas. Esmaltada con esmalte transparente brillante en el interior, as\u00ed que puede contener l\u00edquidos y es apta para uso alimentario. No est\u00e1n esmaltadas por la parte exterior, lo que les da un precioso acabado mate y permite disfrutar del tacto sedoso de la porcelana.<\/p>\n<p>Ten en cuenta que las l\u00edneas est\u00e1n trazadas a mano una a una, por lo que no son totalmente rectas y puede haber imperfecciones. Recuerda que esto no es cer\u00e1mica industrial, sino cer\u00e1mica artesanal perfectamente imperfecta. :)<\/p>\n<p><strong>Capacidad:<\/strong> 270 ml aprox.<\/p>\n<p><strong>Tama\u00f1o:<\/strong> 8,2 x 8,5 cm aprox.<\/p>\n<p>Solo utilizo esmaltes aptos para uso alimentario. Todas mis piezas de vajilla pueden meterse en el microondas y el levavajillas, aunque recomiendo lavarlas a mano para mantenerlas como nuevas durante a\u00f1os. Si las cuidas, te durar\u00e1n toda la vida.<\/p>\n<p>Ten en cuenta que, al estar hechas a mano, estas piezas son \u00fanicas, no hay dos iguales. Por este motivo, puede haber peque\u00f1as diferencias en el dise\u00f1o o tama\u00f1o entre los cuencos de las fotograf\u00edas y los que recibas, as\u00ed como entre dos o m\u00e1s cuencos del mismo modelo.<\/p>\n<p>Al comprar esta taza, est\u00e1s comprando una pieza artesanal \u00fanica. No hay dos tazas iguales.<\/p>\n<p>********************<\/p>\n<p>CLIENTES DE FRANCIA, ALEMANIA, PORTUGAL Y PA\u00cdSES BAJOS: para minimizar el coste del env\u00edo, utilizo InPost\/Mondial Relay, lo cual significa que el paquete no se entrega en tu domicilio, sino en un punto de recogida que t\u00fa mismo\/a podr\u00e1s seleccionar. Me pondr\u00e9 en contacto contigo en cuanto reciba tu pedido para que me digas qu\u00e9 punto de recogida te va mejor. Escr\u00edbeme si prefieres env\u00edo a tu domicilio: crear\u00e9 una opci\u00f3n de env\u00edo para ti con la diferencia de precio.<\/p>\n<p>TODOS LOS PA\u00cdSES: por favor, introduce tu n\u00famero de tel\u00e9fono al finalizar la compra (me lo exige el transportista).<\/p>\n<p>SI TU PA\u00cdS NO APARECE EN LAS OPCIONES DE ENV\u00cdO, contacta conmigo por email y te calcular\u00e9 el coste del env\u00edo para tu pa\u00eds.<\/p>\n<p>\u00a1Muchas gracias por visitar mi tienda!<\/p>\n<p>********************<\/p>\n<p>EMBALAJE<\/p>\n<p>Solo utilizo materiales reciclables para el embalaje. Las virutas blancas son compostables.<\/p>\n<p>Si tienes alguna pregunta o petici\u00f3n especial, env\u00edame un mensaje. Estar\u00e9 encantada de ayudarte.<\/p>\n<p>INFORMACI\u00d3N IMPORTANTE<\/p>\n<ul>\n<li>Los gastos de env\u00edo de las devoluciones o cambios corren a cargo del cliente.<\/li>\n<li>Para los pa\u00edses de fuera de la UE, pueden aplicarse impuestos de aduanas y aranceles que deban abonarse en el momento de la entrega. Lamentablemente, no puedo predecir el importe ya que cada pa\u00eds tiene su propia normativa.<\/li>\n<\/ul>\n<p>\u00a9 Copyright de todos los contenidos y dise\u00f1os de Textura Ceramics.<\/p>\n<\/div><\/div><\/div><\/div><\/div>\n","protected":false},"excerpt":{"rendered":"<p>Divertida taza de porcelana rosa con rayas blancas y amarillas.<\/p>\n<p><strong>Datos importantes:<\/strong><\/p>\n<ul>\n<li>Materiales: porcelana<\/li>\n<li>Capacidad: 270 ml<\/li>\n<li>Hecho a mano<\/li>\n<li>Al comprar este producto, apoyas mi peque\u00f1o negocio artesano<\/li>\n<\/ul>\n","protected":false},"featured_media":4082,"comment_status":"open","ping_status":"closed","template":"","meta":{"_acf_changed":false},"product_brand":[],"product_cat":[59],"product_tag":[],"class_list":{"0":"post-4195","1":"product","2":"type-product","3":"status-publish","4":"has-post-thumbnail","6":"product_cat-tazas","8":"first","9":"outofstock","10":"purchasable","11":"product-type-simple"},"acf":[],"yoast_head":"<!-- This site is optimized with the Yoast SEO plugin v27.4 - https:\/\/yoast.com\/product\/yoast-seo-wordpress\/ -->\n<title>Taza Dino de rayas rosa - Textura Ceramics<\/title>\n<meta name=\"description\" content=\"Taza artesanal de porcelana rosa con rayas blancas y amarillas\" \/>\n<meta name=\"robots\" content=\"index, follow, max-snippet:-1, max-image-preview:large, max-video-preview:-1\" \/>\n<link rel=\"canonical\" href=\"https:\/\/texturaceramics.com\/producto\/pink-striped-dino-mug\/\" \/>\n<meta property=\"og:locale\" content=\"es_ES\" \/>\n<meta property=\"og:type\" content=\"article\" \/>\n<meta property=\"og:title\" content=\"Taza Dino de rayas rosa - Textura Ceramics\" \/>\n<meta property=\"og:description\" content=\"Taza artesanal de porcelana rosa con rayas blancas y amarillas\" \/>\n<meta property=\"og:url\" content=\"https:\/\/texturaceramics.com\/producto\/pink-striped-dino-mug\/\" \/>\n<meta property=\"og:site_name\" content=\"Textura Ceramics\" \/>\n<meta property=\"article:modified_time\" content=\"2025-08-19T15:54:15+00:00\" \/>\n<meta property=\"og:image\" content=\"https:\/\/texturaceramics.com\/wp-content\/uploads\/2023\/07\/DSC04452-01-01.jpeg\" \/>\n\t<meta property=\"og:image:width\" content=\"2397\" \/>\n\t<meta property=\"og:image:height\" content=\"2399\" \/>\n\t<meta property=\"og:image:type\" content=\"image\/jpeg\" \/>\n<meta name=\"twitter:card\" content=\"summary_large_image\" \/>\n<script type=\"application\/ld+json\" class=\"yoast-schema-graph\">{\"@context\":\"https:\\\/\\\/schema.org\",\"@graph\":[{\"@type\":\"WebPage\",\"@id\":\"https:\\\/\\\/texturaceramics.com\\\/producto\\\/pink-striped-dino-mug\\\/\",\"url\":\"https:\\\/\\\/texturaceramics.com\\\/producto\\\/pink-striped-dino-mug\\\/\",\"name\":\"Taza Dino de rayas rosa - Textura Ceramics\",\"isPartOf\":{\"@id\":\"https:\\\/\\\/texturaceramics.com\\\/#website\"},\"primaryImageOfPage\":{\"@id\":\"https:\\\/\\\/texturaceramics.com\\\/producto\\\/pink-striped-dino-mug\\\/#primaryimage\"},\"image\":{\"@id\":\"https:\\\/\\\/texturaceramics.com\\\/producto\\\/pink-striped-dino-mug\\\/#primaryimage\"},\"thumbnailUrl\":\"https:\\\/\\\/texturaceramics.com\\\/wp-content\\\/uploads\\\/2023\\\/07\\\/DSC04452-01-01.jpeg\",\"datePublished\":\"2023-07-09T17:22:24+00:00\",\"dateModified\":\"2025-08-19T15:54:15+00:00\",\"description\":\"Taza artesanal de porcelana rosa con rayas blancas y amarillas\",\"breadcrumb\":{\"@id\":\"https:\\\/\\\/texturaceramics.com\\\/producto\\\/pink-striped-dino-mug\\\/#breadcrumb\"},\"inLanguage\":\"es\",\"potentialAction\":[{\"@type\":\"ReadAction\",\"target\":[\"https:\\\/\\\/texturaceramics.com\\\/producto\\\/pink-striped-dino-mug\\\/\"]}]},{\"@type\":\"ImageObject\",\"inLanguage\":\"es\",\"@id\":\"https:\\\/\\\/texturaceramics.com\\\/producto\\\/pink-striped-dino-mug\\\/#primaryimage\",\"url\":\"https:\\\/\\\/texturaceramics.com\\\/wp-content\\\/uploads\\\/2023\\\/07\\\/DSC04452-01-01.jpeg\",\"contentUrl\":\"https:\\\/\\\/texturaceramics.com\\\/wp-content\\\/uploads\\\/2023\\\/07\\\/DSC04452-01-01.jpeg\",\"width\":2397,\"height\":2399},{\"@type\":\"BreadcrumbList\",\"@id\":\"https:\\\/\\\/texturaceramics.com\\\/producto\\\/pink-striped-dino-mug\\\/#breadcrumb\",\"itemListElement\":[{\"@type\":\"ListItem\",\"position\":1,\"name\":\"Home\",\"item\":\"https:\\\/\\\/texturaceramics.com\\\/es\\\/\"},{\"@type\":\"ListItem\",\"position\":2,\"name\":\"Shop with Sidebar\",\"item\":\"https:\\\/\\\/texturaceramics.com\\\/es\\\/shop-with-sidebar\\\/\"},{\"@type\":\"ListItem\",\"position\":3,\"name\":\"Taza Dino de rayas rosa\"}]},{\"@type\":\"WebSite\",\"@id\":\"https:\\\/\\\/texturaceramics.com\\\/#website\",\"url\":\"https:\\\/\\\/texturaceramics.com\\\/\",\"name\":\"Textura Ceramics\",\"description\":\"Textura Ceramics\",\"potentialAction\":[{\"@type\":\"SearchAction\",\"target\":{\"@type\":\"EntryPoint\",\"urlTemplate\":\"https:\\\/\\\/texturaceramics.com\\\/?s={search_term_string}\"},\"query-input\":{\"@type\":\"PropertyValueSpecification\",\"valueRequired\":true,\"valueName\":\"search_term_string\"}}],\"inLanguage\":\"es\"}]}<\/script>\n<!-- \/ Yoast SEO plugin. -->","yoast_head_json":{"title":"Taza Dino de rayas rosa - Textura Ceramics","description":"Taza artesanal de porcelana rosa con rayas blancas y amarillas","robots":{"index":"index","follow":"follow","max-snippet":"max-snippet:-1","max-image-preview":"max-image-preview:large","max-video-preview":"max-video-preview:-1"},"canonical":"https:\/\/texturaceramics.com\/producto\/pink-striped-dino-mug\/","og_locale":"es_ES","og_type":"article","og_title":"Taza Dino de rayas rosa - Textura Ceramics","og_description":"Taza artesanal de porcelana rosa con rayas blancas y amarillas","og_url":"https:\/\/texturaceramics.com\/producto\/pink-striped-dino-mug\/","og_site_name":"Textura Ceramics","article_modified_time":"2025-08-19T15:54:15+00:00","og_image":[{"width":2397,"height":2399,"url":"https:\/\/texturaceramics.com\/wp-content\/uploads\/2023\/07\/DSC04452-01-01.jpeg","type":"image\/jpeg"}],"twitter_card":"summary_large_image","schema":{"@context":"https:\/\/schema.org","@graph":[{"@type":"WebPage","@id":"https:\/\/texturaceramics.com\/producto\/pink-striped-dino-mug\/","url":"https:\/\/texturaceramics.com\/producto\/pink-striped-dino-mug\/","name":"Taza Dino de rayas rosa - Textura Ceramics","isPartOf":{"@id":"https:\/\/texturaceramics.com\/#website"},"primaryImageOfPage":{"@id":"https:\/\/texturaceramics.com\/producto\/pink-striped-dino-mug\/#primaryimage"},"image":{"@id":"https:\/\/texturaceramics.com\/producto\/pink-striped-dino-mug\/#primaryimage"},"thumbnailUrl":"https:\/\/texturaceramics.com\/wp-content\/uploads\/2023\/07\/DSC04452-01-01.jpeg","datePublished":"2023-07-09T17:22:24+00:00","dateModified":"2025-08-19T15:54:15+00:00","description":"Taza artesanal de porcelana rosa con rayas blancas y amarillas","breadcrumb":{"@id":"https:\/\/texturaceramics.com\/producto\/pink-striped-dino-mug\/#breadcrumb"},"inLanguage":"es","potentialAction":[{"@type":"ReadAction","target":["https:\/\/texturaceramics.com\/producto\/pink-striped-dino-mug\/"]}]},{"@type":"ImageObject","inLanguage":"es","@id":"https:\/\/texturaceramics.com\/producto\/pink-striped-dino-mug\/#primaryimage","url":"https:\/\/texturaceramics.com\/wp-content\/uploads\/2023\/07\/DSC04452-01-01.jpeg","contentUrl":"https:\/\/texturaceramics.com\/wp-content\/uploads\/2023\/07\/DSC04452-01-01.jpeg","width":2397,"height":2399},{"@type":"BreadcrumbList","@id":"https:\/\/texturaceramics.com\/producto\/pink-striped-dino-mug\/#breadcrumb","itemListElement":[{"@type":"ListItem","position":1,"name":"Home","item":"https:\/\/texturaceramics.com\/es\/"},{"@type":"ListItem","position":2,"name":"Shop with Sidebar","item":"https:\/\/texturaceramics.com\/es\/shop-with-sidebar\/"},{"@type":"ListItem","position":3,"name":"Taza Dino de rayas rosa"}]},{"@type":"WebSite","@id":"https:\/\/texturaceramics.com\/#website","url":"https:\/\/texturaceramics.com\/","name":"Textura Ceramics","description":"Textura Ceramics","potentialAction":[{"@type":"SearchAction","target":{"@type":"EntryPoint","urlTemplate":"https:\/\/texturaceramics.com\/?s={search_term_string}"},"query-input":{"@type":"PropertyValueSpecification","valueRequired":true,"valueName":"search_term_string"}}],"inLanguage":"es"}]}},"_links":{"self":[{"href":"https:\/\/texturaceramics.com\/es\/wp-json\/wp\/v2\/product\/4195","targetHints":{"allow":["GET"]}}],"collection":[{"href":"https:\/\/texturaceramics.com\/es\/wp-json\/wp\/v2\/product"}],"about":[{"href":"https:\/\/texturaceramics.com\/es\/wp-json\/wp\/v2\/types\/product"}],"replies":[{"embeddable":true,"href":"https:\/\/texturaceramics.com\/es\/wp-json\/wp\/v2\/comments?post=4195"}],"wp:featuredmedia":[{"embeddable":true,"href":"https:\/\/texturaceramics.com\/es\/wp-json\/wp\/v2\/media\/4082"}],"wp:attachment":[{"href":"https:\/\/texturaceramics.com\/es\/wp-json\/wp\/v2\/media?parent=4195"}],"wp:term":[{"taxonomy":"product_brand","embeddable":true,"href":"https:\/\/texturaceramics.com\/es\/wp-json\/wp\/v2\/product_brand?post=4195"},{"taxonomy":"product_cat","embeddable":true,"href":"https:\/\/texturaceramics.com\/es\/wp-json\/wp\/v2\/product_cat?post=4195"},{"taxonomy":"product_tag","embeddable":true,"href":"https:\/\/texturaceramics.com\/es\/wp-json\/wp\/v2\/product_tag?post=4195"}],"curies":[{"name":"wp","href":"https:\/\/api.w.org\/{rel}","templated":true}]}}