{"id":4202,"date":"2024-10-11T10:59:47","date_gmt":"2024-10-11T10:59:47","guid":{"rendered":"http:\/\/s1010864881.mialojamiento.es\/textura\/product\/tabla-fiesta\/"},"modified":"2026-03-24T22:59:54","modified_gmt":"2026-03-24T22:59:54","slug":"tabla-servir-salpicada","status":"publish","type":"product","link":"https:\/\/texturaceramics.com\/es\/producto\/tabla-servir-salpicada\/","title":{"rendered":"Tabla Fiesta"},"content":{"rendered":"<div class=\"fusion-fullwidth fullwidth-box fusion-builder-row-1 fusion-flex-container has-pattern-background has-mask-background nonhundred-percent-fullwidth non-hundred-percent-height-scrolling\" style=\"--awb-border-radius-top-left:0px;--awb-border-radius-top-right:0px;--awb-border-radius-bottom-right:0px;--awb-border-radius-bottom-left:0px;--awb-padding-top:0px;--awb-padding-bottom:0px;--awb-padding-right-small:3%;--awb-padding-left-small:3%;--awb-flex-wrap:wrap;\" ><div class=\"fusion-builder-row fusion-row fusion-flex-align-items-flex-start fusion-flex-content-wrap\" style=\"max-width:1320.8px;margin-left: calc(-4% \/ 2 );margin-right: calc(-4% \/ 2 );\"><div class=\"fusion-layout-column fusion_builder_column fusion-builder-column-0 fusion_builder_column_1_1 1_1 fusion-flex-column\" style=\"--awb-bg-size:cover;--awb-width-large:100%;--awb-margin-top-large:0px;--awb-spacing-right-large:2.56%;--awb-margin-bottom-large:0px;--awb-spacing-left-large:1.92%;--awb-width-medium:100%;--awb-order-medium:0;--awb-spacing-right-medium:1.92%;--awb-spacing-left-medium:1.92%;--awb-width-small:100%;--awb-order-small:0;--awb-spacing-right-small:1.92%;--awb-spacing-left-small:1.92%;\"><div class=\"fusion-column-wrapper fusion-column-has-shadow fusion-flex-justify-content-flex-start fusion-content-layout-column\"><div class=\"fusion-title title fusion-title-1 fusion-sep-none fusion-title-text fusion-title-size-two\" style=\"--awb-margin-top:32px;--awb-margin-bottom:26px;--awb-margin-top-small:26px;--awb-margin-right-small:0px;--awb-margin-bottom-small:16px;--awb-margin-left-small:0px;\"><h2 class=\"fusion-title-heading title-heading-left fusion-responsive-typography-calculated\" style=\"margin:0;--fontSize:44;line-height:1.26;\">Descripci\u00f3n<\/h2><\/div><div class=\"fusion-text fusion-text-1\"><p>Tabla de cer\u00e1mica para servir quesos, pat\u00e9s, embutidos o pasteles, con un estampado salpicado de colores.<\/p>\n<p>Tabla de gres beige claro salpicada en amarillo, rosa, azul y negro. Est\u00e1 esmaltada con esmalte transparente brillante en la cara superior. La parte inferior tiene un salpicado negro y no lleva esmalte. Puedes usarla para servir quesos, pat\u00e9s, embutidos, pasteles o lo que quieras.<\/p>\n<p>Tama\u00f1o: 26 cm largo x 18,5 cm de ancho. La tira es de cuero natural.<\/p>\n<p>Ten en cuenta que es posible que la tabla no sea totalmente plana como una tabla industrial. La cer\u00e1mica de alta temperatura (como el gres) es mucho m\u00e1s resistente que la de baja temperatura, pero tiende a deformarse un poquito, por lo que todas las tablas pueden tener una ligera curvatura, aunque nada que les impida mantenerse planas y estables sobre la mesa.<\/p>\n<p>Solo utilizo esmaltes aptos para uso alimentario. Puedes meterlas en el microondas y el lavavajillas (sin la tira de cuero), aunque recomiendo lavarlas a mano para que se mantengan como nuevas durante mucho tiempo. Si las cuidas, son piezas para toda la vida.<\/p>\n<p>Al comprar esta tabla de cer\u00e1mica, est\u00e1s comprando una pieza artesanal \u00fanica, no hay dos tablas iguales. Por este motivo, puede haber ligeras diferencias entre las tablas de las fotos y la que recibas.<\/p>\n<p>********************<\/p>\n<p>CLIENTES DE FRANCIA, ALEMANIA, PORTUGAL Y PA\u00cdSES BAJOS: para minimizar el coste del env\u00edo, utilizo InPost\/Mondial Relay, lo cual significa que el paquete no se entrega en tu domicilio, sino en un punto de recogida que t\u00fa mismo\/a podr\u00e1s seleccionar. Me pondr\u00e9 en contacto contigo en cuanto reciba tu pedido para que me digas qu\u00e9 punto de recogida te va mejor. Escr\u00edbeme si prefieres env\u00edo a tu domicilio: crear\u00e9 una opci\u00f3n de env\u00edo para ti con la diferencia de precio.<\/p>\n<p>TODOS LOS PA\u00cdSES: por favor, introduce tu n\u00famero de tel\u00e9fono al finalizar la compra (me lo exige el transportista).<\/p>\n<p>SI TU PA\u00cdS NO APARECE EN LAS OPCIONES DE ENV\u00cdO, contacta conmigo por email y te calcular\u00e9 el coste del env\u00edo para tu pa\u00eds.<\/p>\n<p>\u00a1Muchas gracias por visitar mi tienda!<\/p>\n<p>********************<\/p>\n<p>EMBALAJE<\/p>\n<p>Solo utilizo materiales reciclables para el embalaje. Las virutas blancas son compostables.<\/p>\n<p>Si tienes alguna pregunta o petici\u00f3n especial, env\u00edame un mensaje. Estar\u00e9 encantada de ayudarte.<\/p>\n<p>INFORMACI\u00d3N IMPORTANTE<\/p>\n<ul>\n<li>Los gastos de env\u00edo de las devoluciones o cambios corren a cargo del cliente.<\/li>\n<li>Para los pa\u00edses de fuera de la UE, pueden aplicarse impuestos de aduanas y aranceles que deban abonarse en el momento de la entrega. Lamentablemente, no puedo predecir el importe ya que cada pa\u00eds tiene su propia normativa.<\/li>\n<\/ul>\n<p>\u00a9 Copyright de todos los contenidos y dise\u00f1os de Textura Ceramics.<\/p>\n<\/div><\/div><\/div><\/div><\/div>\n","protected":false},"excerpt":{"rendered":"<p>\u00a1Alegra y da personalidad a tu mesa con esta tabla de gres con un colorido estampado salpicado!<\/p>\n<p><strong>Datos importantes:<\/strong><\/p>\n<ul>\n<li>Materiales: gres, cuero<\/li>\n<li>Dimensiones: 26,5 cm de largo x 18,5 cm de ancho<\/li>\n<li>Hecho a mano<\/li>\n<li>Al comprar este producto, apoyas mi peque\u00f1o negocio artesano<\/li>\n<\/ul>\n","protected":false},"featured_media":3883,"comment_status":"open","ping_status":"closed","template":"","meta":{"_acf_changed":false},"product_brand":[],"product_cat":[58],"product_tag":[],"class_list":{"0":"post-4202","1":"product","2":"type-product","3":"status-publish","4":"has-post-thumbnail","6":"product_cat-vajilla","8":"first","9":"outofstock","10":"purchasable","11":"product-type-simple"},"acf":[],"yoast_head":"<!-- This site is optimized with the Yoast SEO plugin v27.3 - https:\/\/yoast.com\/product\/yoast-seo-wordpress\/ -->\n<title>Tabla Fiesta - Textura Ceramics<\/title>\n<meta name=\"description\" content=\"Tabla de servir de gres con salpicado de colores\" \/>\n<meta name=\"robots\" content=\"index, follow, max-snippet:-1, max-image-preview:large, max-video-preview:-1\" \/>\n<link rel=\"canonical\" href=\"https:\/\/texturaceramics.com\/producto\/splatter-cheese-board\/\" \/>\n<meta property=\"og:locale\" content=\"es_ES\" \/>\n<meta property=\"og:type\" content=\"article\" \/>\n<meta property=\"og:title\" content=\"Tabla Fiesta - Textura Ceramics\" \/>\n<meta property=\"og:description\" content=\"Tabla de servir de gres con salpicado de colores\" \/>\n<meta property=\"og:url\" content=\"https:\/\/texturaceramics.com\/producto\/splatter-cheese-board\/\" \/>\n<meta property=\"og:site_name\" content=\"Textura Ceramics\" \/>\n<meta property=\"article:modified_time\" content=\"2026-03-24T22:59:54+00:00\" \/>\n<meta property=\"og:image\" content=\"https:\/\/texturaceramics.com\/wp-content\/uploads\/2023\/06\/Tabla_salpicada-01-2-scaled.jpeg\" \/>\n\t<meta property=\"og:image:width\" content=\"2560\" \/>\n\t<meta property=\"og:image:height\" content=\"2560\" \/>\n\t<meta property=\"og:image:type\" content=\"image\/jpeg\" \/>\n<meta name=\"twitter:card\" content=\"summary_large_image\" \/>\n<script type=\"application\/ld+json\" class=\"yoast-schema-graph\">{\"@context\":\"https:\\\/\\\/schema.org\",\"@graph\":[{\"@type\":\"WebPage\",\"@id\":\"https:\\\/\\\/texturaceramics.com\\\/producto\\\/splatter-cheese-board\\\/\",\"url\":\"https:\\\/\\\/texturaceramics.com\\\/producto\\\/splatter-cheese-board\\\/\",\"name\":\"Tabla Fiesta - Textura Ceramics\",\"isPartOf\":{\"@id\":\"https:\\\/\\\/texturaceramics.com\\\/#website\"},\"primaryImageOfPage\":{\"@id\":\"https:\\\/\\\/texturaceramics.com\\\/producto\\\/splatter-cheese-board\\\/#primaryimage\"},\"image\":{\"@id\":\"https:\\\/\\\/texturaceramics.com\\\/producto\\\/splatter-cheese-board\\\/#primaryimage\"},\"thumbnailUrl\":\"https:\\\/\\\/texturaceramics.com\\\/wp-content\\\/uploads\\\/2023\\\/06\\\/Tabla_salpicada-01-2-scaled.jpeg\",\"datePublished\":\"2024-10-11T10:59:47+00:00\",\"dateModified\":\"2026-03-24T22:59:54+00:00\",\"description\":\"Tabla de servir de gres con salpicado de colores\",\"breadcrumb\":{\"@id\":\"https:\\\/\\\/texturaceramics.com\\\/producto\\\/splatter-cheese-board\\\/#breadcrumb\"},\"inLanguage\":\"es\",\"potentialAction\":[{\"@type\":\"ReadAction\",\"target\":[\"https:\\\/\\\/texturaceramics.com\\\/producto\\\/splatter-cheese-board\\\/\"]}]},{\"@type\":\"ImageObject\",\"inLanguage\":\"es\",\"@id\":\"https:\\\/\\\/texturaceramics.com\\\/producto\\\/splatter-cheese-board\\\/#primaryimage\",\"url\":\"https:\\\/\\\/texturaceramics.com\\\/wp-content\\\/uploads\\\/2023\\\/06\\\/Tabla_salpicada-01-2-scaled.jpeg\",\"contentUrl\":\"https:\\\/\\\/texturaceramics.com\\\/wp-content\\\/uploads\\\/2023\\\/06\\\/Tabla_salpicada-01-2-scaled.jpeg\",\"width\":2560,\"height\":2560},{\"@type\":\"BreadcrumbList\",\"@id\":\"https:\\\/\\\/texturaceramics.com\\\/producto\\\/splatter-cheese-board\\\/#breadcrumb\",\"itemListElement\":[{\"@type\":\"ListItem\",\"position\":1,\"name\":\"Home\",\"item\":\"https:\\\/\\\/texturaceramics.com\\\/es\\\/\"},{\"@type\":\"ListItem\",\"position\":2,\"name\":\"Shop with Sidebar\",\"item\":\"https:\\\/\\\/texturaceramics.com\\\/es\\\/shop-with-sidebar\\\/\"},{\"@type\":\"ListItem\",\"position\":3,\"name\":\"Tabla Fiesta\"}]},{\"@type\":\"WebSite\",\"@id\":\"https:\\\/\\\/texturaceramics.com\\\/#website\",\"url\":\"https:\\\/\\\/texturaceramics.com\\\/\",\"name\":\"Textura Ceramics\",\"description\":\"Textura Ceramics\",\"potentialAction\":[{\"@type\":\"SearchAction\",\"target\":{\"@type\":\"EntryPoint\",\"urlTemplate\":\"https:\\\/\\\/texturaceramics.com\\\/?s={search_term_string}\"},\"query-input\":{\"@type\":\"PropertyValueSpecification\",\"valueRequired\":true,\"valueName\":\"search_term_string\"}}],\"inLanguage\":\"es\"}]}<\/script>\n<!-- \/ Yoast SEO plugin. -->","yoast_head_json":{"title":"Tabla Fiesta - Textura Ceramics","description":"Tabla de servir de gres con salpicado de colores","robots":{"index":"index","follow":"follow","max-snippet":"max-snippet:-1","max-image-preview":"max-image-preview:large","max-video-preview":"max-video-preview:-1"},"canonical":"https:\/\/texturaceramics.com\/producto\/splatter-cheese-board\/","og_locale":"es_ES","og_type":"article","og_title":"Tabla Fiesta - Textura Ceramics","og_description":"Tabla de servir de gres con salpicado de colores","og_url":"https:\/\/texturaceramics.com\/producto\/splatter-cheese-board\/","og_site_name":"Textura Ceramics","article_modified_time":"2026-03-24T22:59:54+00:00","og_image":[{"width":2560,"height":2560,"url":"https:\/\/texturaceramics.com\/wp-content\/uploads\/2023\/06\/Tabla_salpicada-01-2-scaled.jpeg","type":"image\/jpeg"}],"twitter_card":"summary_large_image","schema":{"@context":"https:\/\/schema.org","@graph":[{"@type":"WebPage","@id":"https:\/\/texturaceramics.com\/producto\/splatter-cheese-board\/","url":"https:\/\/texturaceramics.com\/producto\/splatter-cheese-board\/","name":"Tabla Fiesta - Textura Ceramics","isPartOf":{"@id":"https:\/\/texturaceramics.com\/#website"},"primaryImageOfPage":{"@id":"https:\/\/texturaceramics.com\/producto\/splatter-cheese-board\/#primaryimage"},"image":{"@id":"https:\/\/texturaceramics.com\/producto\/splatter-cheese-board\/#primaryimage"},"thumbnailUrl":"https:\/\/texturaceramics.com\/wp-content\/uploads\/2023\/06\/Tabla_salpicada-01-2-scaled.jpeg","datePublished":"2024-10-11T10:59:47+00:00","dateModified":"2026-03-24T22:59:54+00:00","description":"Tabla de servir de gres con salpicado de colores","breadcrumb":{"@id":"https:\/\/texturaceramics.com\/producto\/splatter-cheese-board\/#breadcrumb"},"inLanguage":"es","potentialAction":[{"@type":"ReadAction","target":["https:\/\/texturaceramics.com\/producto\/splatter-cheese-board\/"]}]},{"@type":"ImageObject","inLanguage":"es","@id":"https:\/\/texturaceramics.com\/producto\/splatter-cheese-board\/#primaryimage","url":"https:\/\/texturaceramics.com\/wp-content\/uploads\/2023\/06\/Tabla_salpicada-01-2-scaled.jpeg","contentUrl":"https:\/\/texturaceramics.com\/wp-content\/uploads\/2023\/06\/Tabla_salpicada-01-2-scaled.jpeg","width":2560,"height":2560},{"@type":"BreadcrumbList","@id":"https:\/\/texturaceramics.com\/producto\/splatter-cheese-board\/#breadcrumb","itemListElement":[{"@type":"ListItem","position":1,"name":"Home","item":"https:\/\/texturaceramics.com\/es\/"},{"@type":"ListItem","position":2,"name":"Shop with Sidebar","item":"https:\/\/texturaceramics.com\/es\/shop-with-sidebar\/"},{"@type":"ListItem","position":3,"name":"Tabla Fiesta"}]},{"@type":"WebSite","@id":"https:\/\/texturaceramics.com\/#website","url":"https:\/\/texturaceramics.com\/","name":"Textura Ceramics","description":"Textura Ceramics","potentialAction":[{"@type":"SearchAction","target":{"@type":"EntryPoint","urlTemplate":"https:\/\/texturaceramics.com\/?s={search_term_string}"},"query-input":{"@type":"PropertyValueSpecification","valueRequired":true,"valueName":"search_term_string"}}],"inLanguage":"es"}]}},"_links":{"self":[{"href":"https:\/\/texturaceramics.com\/es\/wp-json\/wp\/v2\/product\/4202","targetHints":{"allow":["GET"]}}],"collection":[{"href":"https:\/\/texturaceramics.com\/es\/wp-json\/wp\/v2\/product"}],"about":[{"href":"https:\/\/texturaceramics.com\/es\/wp-json\/wp\/v2\/types\/product"}],"replies":[{"embeddable":true,"href":"https:\/\/texturaceramics.com\/es\/wp-json\/wp\/v2\/comments?post=4202"}],"wp:featuredmedia":[{"embeddable":true,"href":"https:\/\/texturaceramics.com\/es\/wp-json\/wp\/v2\/media\/3883"}],"wp:attachment":[{"href":"https:\/\/texturaceramics.com\/es\/wp-json\/wp\/v2\/media?parent=4202"}],"wp:term":[{"taxonomy":"product_brand","embeddable":true,"href":"https:\/\/texturaceramics.com\/es\/wp-json\/wp\/v2\/product_brand?post=4202"},{"taxonomy":"product_cat","embeddable":true,"href":"https:\/\/texturaceramics.com\/es\/wp-json\/wp\/v2\/product_cat?post=4202"},{"taxonomy":"product_tag","embeddable":true,"href":"https:\/\/texturaceramics.com\/es\/wp-json\/wp\/v2\/product_tag?post=4202"}],"curies":[{"name":"wp","href":"https:\/\/api.w.org\/{rel}","templated":true}]}}