{"id":4274,"date":"2023-03-30T08:15:44","date_gmt":"2023-03-30T08:15:44","guid":{"rendered":"http:\/\/s1010864881.mialojamiento.es\/textura\/product\/taller-de-ceramica-privado-para-grupos\/"},"modified":"2024-03-27T12:12:57","modified_gmt":"2024-03-27T12:12:57","slug":"clases-ceramica-grupos","status":"publish","type":"product","link":"https:\/\/texturaceramics.com\/es\/producto\/clases-ceramica-grupos\/","title":{"rendered":"Taller de cer\u00e1mica privado para grupos"},"content":{"rendered":"<div class=\"fusion-fullwidth fullwidth-box fusion-builder-row-1 fusion-flex-container has-pattern-background has-mask-background nonhundred-percent-fullwidth non-hundred-percent-height-scrolling\" style=\"--awb-border-radius-top-left:0px;--awb-border-radius-top-right:0px;--awb-border-radius-bottom-right:0px;--awb-border-radius-bottom-left:0px;--awb-padding-top:0px;--awb-padding-bottom:0px;--awb-padding-right-small:3%;--awb-padding-left-small:3%;--awb-flex-wrap:wrap;\" ><div class=\"fusion-builder-row fusion-row fusion-flex-align-items-flex-start fusion-flex-content-wrap\" style=\"max-width:1320.8px;margin-left: calc(-4% \/ 2 );margin-right: calc(-4% \/ 2 );\"><div class=\"fusion-layout-column fusion_builder_column fusion-builder-column-0 fusion_builder_column_1_1 1_1 fusion-flex-column\" style=\"--awb-bg-size:cover;--awb-width-large:100%;--awb-margin-top-large:0px;--awb-spacing-right-large:2.56%;--awb-margin-bottom-large:0px;--awb-spacing-left-large:1.92%;--awb-width-medium:100%;--awb-order-medium:0;--awb-spacing-right-medium:1.92%;--awb-spacing-left-medium:1.92%;--awb-width-small:100%;--awb-order-small:0;--awb-spacing-right-small:1.92%;--awb-spacing-left-small:1.92%;\"><div class=\"fusion-column-wrapper fusion-column-has-shadow fusion-flex-justify-content-flex-start fusion-content-layout-column\"><div class=\"fusion-title title fusion-title-1 fusion-sep-none fusion-title-text fusion-title-size-two\" style=\"--awb-margin-top:32px;--awb-margin-bottom:26px;--awb-margin-top-small:26px;--awb-margin-right-small:0px;--awb-margin-bottom-small:16px;--awb-margin-left-small:0px;\"><h2 class=\"fusion-title-heading title-heading-left fusion-responsive-typography-calculated\" style=\"margin:0;--fontSize:44;line-height:1.26;\">Descripci\u00f3n<\/h2><\/div><div class=\"fusion-text fusion-text-1\"><p>El taller tendr\u00e1 una duraci\u00f3n de 3 horas y el precio var\u00eda en funci\u00f3n del n\u00famero de personas (m\u00ednimo 3 y m\u00e1ximo 6). Cada taller incluye la clase, todos los materiales y herramientas necesarios, el uso de un delantal\u00a0 para no ensuciarte, 1 consumici\u00f3n por persona y algo de picar, y las dos hornadas necesarias para terminar la pieza y que puedas utilizarla. Ten en cuenta que todos los talleres son de <strong>modelado<\/strong>, no se usa el torno alfarero.<\/p>\n<p>Podr\u00e1s recoger tus piezas terminadas en mi Atelier unas semanas despu\u00e9s de hacer el taller, yo misma te avisar\u00e9 cuando est\u00e9n listas.<\/p>\n<p>Posibles talleres (entre otros):<\/p>\n<p><strong>&#8211; Crea y decora tu taza<\/strong><br \/>\n<strong>&#8211; Crea tu taza <a href=\"https:\/\/texturaceramics.com\/es\/producto\/taza-dino\/\">Dino<\/a><\/strong><br \/>\n<strong>&#8211; Crea tu set para el vermut <\/strong>(juego de 2 piezas, cuencos\/bandejitas).<br \/>\n<strong>&#8211; Crea una tabla para servir quesos y embutidos<\/strong><br \/>\n<strong>&#8211; Crea tu maceta.<\/strong><br \/>\n<strong>&#8211; Decora tu taza o plato<\/strong> (piezas ya bizcochadas, trabajo solo de decoraci\u00f3n).<\/p>\n<p>Etc.<\/p>\n<p>*<\/p>\n<p><strong>CONDICIONES GENERALES DE LOS TALLERES<\/strong><\/p>\n<p>Al inscribirte en uno de mis talleres, aceptas las siguientes condiciones:<\/p>\n<ul>\n<li>El precio del taller incluye las 2,5 o 3 horas de clase (seg\u00fan el tipo de taller), todos los materiales y herramientas necesarios, el uso de un delantal para no ensuciarse, las dos hornadas necesarias para finalizar la pieza, una consumici\u00f3n por persona y algo de picar.<\/li>\n<li>El m\u00ednimo de asistentes para realizar un taller es de 3 personas. En el caso de no llegar a este m\u00ednimo, me reservo el derecho de cancelar el taller y abonarte el importe pagado.<\/li>\n<li>Una vez realizada la inscripci\u00f3n a un taller, solo se aceptan <strong>cancelaciones<\/strong> con una <strong>antelaci\u00f3n m\u00ednima de 2 semanas<\/strong> respecto a la fecha del taller. Si la cancelaci\u00f3n se produce entre 2 semanas y 1 semana antes del taller, tendr\u00e1s derecho al reembolso del 50% del importe pagado. Cualquier cancelaci\u00f3n realizada con menos de 1 semana de antelaci\u00f3n, no se reembolsar\u00e1. Por supuesto, en caso de no poder asistir, puedes ceder tu plaza a cualquier amigo\/a o familiar.<\/li>\n<li>Una vez reservado un taller, no se podr\u00e1n cambiar las fechas ni la pieza que se har\u00e1 en el taller elegido, a menos que se acuerde entre todos\/as los\/las participantes.<\/li>\n<li>Una vez finalizado el taller, yo me encargar\u00e9 de hornear las piezas y esmaltarlas, y te avisar\u00e9 cuando puedas pasar a recoger la pieza terminada (en un plazo de 4 a 6 semanas desde la fecha del taller).<\/li>\n<li>Tendr\u00e1s un plazo de 2 meses para recoger tu pieza, a contar desde la fecha en que te avise por correo electr\u00f3nico de que est\u00e1 lista. No me comprometo a guardar las piezas m\u00e1s all\u00e1 de ese plazo, mi taller es peque\u00f1ito y no me sobra el espacio. J<\/li>\n<li>No me puedo responsabilizar de la rotura de piezas una vez finalizado el taller, los procesos de la cer\u00e1mica son complejos y hay muchas cosas que pueden salir mal y que est\u00e1n m\u00e1s all\u00e1 de mi control (p. ej., grietas en las piezas, deformaciones, etc.).<\/li>\n<li>Tampoco me responsabilizo de las pertenencias de los participantes en el taller durante la realizaci\u00f3n del mismo.<\/li>\n<li>Aunque no tengo inconveniente en que reproduzcas el dise\u00f1o de alguna de mis piezas durante un taller, recuerda que esto solo est\u00e1 permitido cuando las piezas sean para uso personal y nunca para fines comerciales, ya que mis dise\u00f1os son activos de marca y poseo su propiedad intelectual. En el caso de que compartas fotos de dichas piezas en redes sociales, te agradecer\u00e9 que siempre acredites que est\u00e1n inspiradas en un dise\u00f1o de @texturaceramics. Me reservo del derecho de emprender acciones legales contra cualquier incumplimiento de lo anterior.<\/li>\n<\/ul>\n<\/div><\/div><\/div><\/div><\/div>\n","protected":false},"excerpt":{"rendered":"<p>\u00bfTe gustar\u00eda venir a mi Atelier a hacer un taller de cer\u00e1mica privado con tus amigos\/as, compa\u00f1eros de trabajo o familia?<\/p>\n<p>\u00bfCrees que una clase de cer\u00e1mica ser\u00eda un buen plan para celebrar un cumplea\u00f1os o cualquier otra ocasi\u00f3n especial que quer\u00e1is compartir?<\/p>\n<p>\u00bfTe apetece hacer algo creativo para desconectar la mente y centrarte solo en tus manos durante un ratito?<\/p>\n<p>Escr\u00edbeme a texturaceramics@gmail.com y lo organizaremos. Te cuento m\u00e1s aqu\u00ed abajo.<\/p>\n","protected":false},"featured_media":4508,"comment_status":"open","ping_status":"closed","template":"","meta":{"_acf_changed":false},"product_brand":[],"product_cat":[63],"product_tag":[],"class_list":{"0":"post-4274","1":"product","2":"type-product","3":"status-publish","4":"has-post-thumbnail","6":"product_cat-talleres","8":"first","9":"instock","10":"taxable","11":"shipping-taxable","12":"purchasable","13":"product-type-variable"},"acf":[],"yoast_head":"<!-- This site is optimized with the Yoast SEO plugin v27.4 - https:\/\/yoast.com\/product\/yoast-seo-wordpress\/ -->\n<title>Taller de cer\u00e1mica privado para grupos - Textura Ceramics<\/title>\n<meta name=\"description\" content=\"Taller de cer\u00e1mica privado para grupos en Barcelona, clases de cer\u00e1mica privadas para grupos en Barcelona, experiencias de cer\u00e1mica en Barcelona\" \/>\n<meta name=\"robots\" content=\"index, follow, max-snippet:-1, max-image-preview:large, max-video-preview:-1\" \/>\n<link rel=\"canonical\" href=\"https:\/\/texturaceramics.com\/producto\/private-pottery-workshop\/\" \/>\n<meta property=\"og:locale\" content=\"es_ES\" \/>\n<meta property=\"og:type\" content=\"article\" \/>\n<meta property=\"og:title\" content=\"Taller de cer\u00e1mica privado para grupos - Textura Ceramics\" \/>\n<meta property=\"og:description\" content=\"Taller de cer\u00e1mica privado para grupos en Barcelona, clases de cer\u00e1mica privadas para grupos en Barcelona, experiencias de cer\u00e1mica en Barcelona\" \/>\n<meta property=\"og:url\" content=\"https:\/\/texturaceramics.com\/producto\/private-pottery-workshop\/\" \/>\n<meta property=\"og:site_name\" content=\"Textura Ceramics\" \/>\n<meta property=\"article:modified_time\" content=\"2024-03-27T12:12:57+00:00\" \/>\n<meta property=\"og:image\" content=\"https:\/\/texturaceramics.com\/wp-content\/uploads\/2023\/03\/FullSizeRender-scaled.jpg\" \/>\n\t<meta property=\"og:image:width\" content=\"2560\" \/>\n\t<meta property=\"og:image:height\" content=\"2560\" \/>\n\t<meta property=\"og:image:type\" content=\"image\/jpeg\" \/>\n<meta name=\"twitter:card\" content=\"summary_large_image\" \/>\n<script type=\"application\/ld+json\" class=\"yoast-schema-graph\">{\"@context\":\"https:\\\/\\\/schema.org\",\"@graph\":[{\"@type\":\"WebPage\",\"@id\":\"https:\\\/\\\/texturaceramics.com\\\/producto\\\/private-pottery-workshop\\\/\",\"url\":\"https:\\\/\\\/texturaceramics.com\\\/producto\\\/private-pottery-workshop\\\/\",\"name\":\"Taller de cer\u00e1mica privado para grupos - Textura Ceramics\",\"isPartOf\":{\"@id\":\"https:\\\/\\\/texturaceramics.com\\\/#website\"},\"primaryImageOfPage\":{\"@id\":\"https:\\\/\\\/texturaceramics.com\\\/producto\\\/private-pottery-workshop\\\/#primaryimage\"},\"image\":{\"@id\":\"https:\\\/\\\/texturaceramics.com\\\/producto\\\/private-pottery-workshop\\\/#primaryimage\"},\"thumbnailUrl\":\"https:\\\/\\\/texturaceramics.com\\\/wp-content\\\/uploads\\\/2023\\\/03\\\/FullSizeRender-scaled.jpg\",\"datePublished\":\"2023-03-30T08:15:44+00:00\",\"dateModified\":\"2024-03-27T12:12:57+00:00\",\"description\":\"Taller de cer\u00e1mica privado para grupos en Barcelona, clases de cer\u00e1mica privadas para grupos en Barcelona, experiencias de cer\u00e1mica en Barcelona\",\"breadcrumb\":{\"@id\":\"https:\\\/\\\/texturaceramics.com\\\/producto\\\/private-pottery-workshop\\\/#breadcrumb\"},\"inLanguage\":\"es\",\"potentialAction\":[{\"@type\":\"ReadAction\",\"target\":[\"https:\\\/\\\/texturaceramics.com\\\/producto\\\/private-pottery-workshop\\\/\"]}]},{\"@type\":\"ImageObject\",\"inLanguage\":\"es\",\"@id\":\"https:\\\/\\\/texturaceramics.com\\\/producto\\\/private-pottery-workshop\\\/#primaryimage\",\"url\":\"https:\\\/\\\/texturaceramics.com\\\/wp-content\\\/uploads\\\/2023\\\/03\\\/FullSizeRender-scaled.jpg\",\"contentUrl\":\"https:\\\/\\\/texturaceramics.com\\\/wp-content\\\/uploads\\\/2023\\\/03\\\/FullSizeRender-scaled.jpg\",\"width\":2560,\"height\":2560},{\"@type\":\"BreadcrumbList\",\"@id\":\"https:\\\/\\\/texturaceramics.com\\\/producto\\\/private-pottery-workshop\\\/#breadcrumb\",\"itemListElement\":[{\"@type\":\"ListItem\",\"position\":1,\"name\":\"Home\",\"item\":\"https:\\\/\\\/texturaceramics.com\\\/es\\\/\"},{\"@type\":\"ListItem\",\"position\":2,\"name\":\"Shop with Sidebar\",\"item\":\"https:\\\/\\\/texturaceramics.com\\\/es\\\/shop-with-sidebar\\\/\"},{\"@type\":\"ListItem\",\"position\":3,\"name\":\"Taller de cer\u00e1mica privado para grupos\"}]},{\"@type\":\"WebSite\",\"@id\":\"https:\\\/\\\/texturaceramics.com\\\/#website\",\"url\":\"https:\\\/\\\/texturaceramics.com\\\/\",\"name\":\"Textura Ceramics\",\"description\":\"Textura Ceramics\",\"potentialAction\":[{\"@type\":\"SearchAction\",\"target\":{\"@type\":\"EntryPoint\",\"urlTemplate\":\"https:\\\/\\\/texturaceramics.com\\\/?s={search_term_string}\"},\"query-input\":{\"@type\":\"PropertyValueSpecification\",\"valueRequired\":true,\"valueName\":\"search_term_string\"}}],\"inLanguage\":\"es\"}]}<\/script>\n<!-- \/ Yoast SEO plugin. -->","yoast_head_json":{"title":"Taller de cer\u00e1mica privado para grupos - Textura Ceramics","description":"Taller de cer\u00e1mica privado para grupos en Barcelona, clases de cer\u00e1mica privadas para grupos en Barcelona, experiencias de cer\u00e1mica en Barcelona","robots":{"index":"index","follow":"follow","max-snippet":"max-snippet:-1","max-image-preview":"max-image-preview:large","max-video-preview":"max-video-preview:-1"},"canonical":"https:\/\/texturaceramics.com\/producto\/private-pottery-workshop\/","og_locale":"es_ES","og_type":"article","og_title":"Taller de cer\u00e1mica privado para grupos - Textura Ceramics","og_description":"Taller de cer\u00e1mica privado para grupos en Barcelona, clases de cer\u00e1mica privadas para grupos en Barcelona, experiencias de cer\u00e1mica en Barcelona","og_url":"https:\/\/texturaceramics.com\/producto\/private-pottery-workshop\/","og_site_name":"Textura Ceramics","article_modified_time":"2024-03-27T12:12:57+00:00","og_image":[{"width":2560,"height":2560,"url":"https:\/\/texturaceramics.com\/wp-content\/uploads\/2023\/03\/FullSizeRender-scaled.jpg","type":"image\/jpeg"}],"twitter_card":"summary_large_image","schema":{"@context":"https:\/\/schema.org","@graph":[{"@type":"WebPage","@id":"https:\/\/texturaceramics.com\/producto\/private-pottery-workshop\/","url":"https:\/\/texturaceramics.com\/producto\/private-pottery-workshop\/","name":"Taller de cer\u00e1mica privado para grupos - Textura Ceramics","isPartOf":{"@id":"https:\/\/texturaceramics.com\/#website"},"primaryImageOfPage":{"@id":"https:\/\/texturaceramics.com\/producto\/private-pottery-workshop\/#primaryimage"},"image":{"@id":"https:\/\/texturaceramics.com\/producto\/private-pottery-workshop\/#primaryimage"},"thumbnailUrl":"https:\/\/texturaceramics.com\/wp-content\/uploads\/2023\/03\/FullSizeRender-scaled.jpg","datePublished":"2023-03-30T08:15:44+00:00","dateModified":"2024-03-27T12:12:57+00:00","description":"Taller de cer\u00e1mica privado para grupos en Barcelona, clases de cer\u00e1mica privadas para grupos en Barcelona, experiencias de cer\u00e1mica en Barcelona","breadcrumb":{"@id":"https:\/\/texturaceramics.com\/producto\/private-pottery-workshop\/#breadcrumb"},"inLanguage":"es","potentialAction":[{"@type":"ReadAction","target":["https:\/\/texturaceramics.com\/producto\/private-pottery-workshop\/"]}]},{"@type":"ImageObject","inLanguage":"es","@id":"https:\/\/texturaceramics.com\/producto\/private-pottery-workshop\/#primaryimage","url":"https:\/\/texturaceramics.com\/wp-content\/uploads\/2023\/03\/FullSizeRender-scaled.jpg","contentUrl":"https:\/\/texturaceramics.com\/wp-content\/uploads\/2023\/03\/FullSizeRender-scaled.jpg","width":2560,"height":2560},{"@type":"BreadcrumbList","@id":"https:\/\/texturaceramics.com\/producto\/private-pottery-workshop\/#breadcrumb","itemListElement":[{"@type":"ListItem","position":1,"name":"Home","item":"https:\/\/texturaceramics.com\/es\/"},{"@type":"ListItem","position":2,"name":"Shop with Sidebar","item":"https:\/\/texturaceramics.com\/es\/shop-with-sidebar\/"},{"@type":"ListItem","position":3,"name":"Taller de cer\u00e1mica privado para grupos"}]},{"@type":"WebSite","@id":"https:\/\/texturaceramics.com\/#website","url":"https:\/\/texturaceramics.com\/","name":"Textura Ceramics","description":"Textura Ceramics","potentialAction":[{"@type":"SearchAction","target":{"@type":"EntryPoint","urlTemplate":"https:\/\/texturaceramics.com\/?s={search_term_string}"},"query-input":{"@type":"PropertyValueSpecification","valueRequired":true,"valueName":"search_term_string"}}],"inLanguage":"es"}]}},"_links":{"self":[{"href":"https:\/\/texturaceramics.com\/es\/wp-json\/wp\/v2\/product\/4274","targetHints":{"allow":["GET"]}}],"collection":[{"href":"https:\/\/texturaceramics.com\/es\/wp-json\/wp\/v2\/product"}],"about":[{"href":"https:\/\/texturaceramics.com\/es\/wp-json\/wp\/v2\/types\/product"}],"replies":[{"embeddable":true,"href":"https:\/\/texturaceramics.com\/es\/wp-json\/wp\/v2\/comments?post=4274"}],"wp:featuredmedia":[{"embeddable":true,"href":"https:\/\/texturaceramics.com\/es\/wp-json\/wp\/v2\/media\/4508"}],"wp:attachment":[{"href":"https:\/\/texturaceramics.com\/es\/wp-json\/wp\/v2\/media?parent=4274"}],"wp:term":[{"taxonomy":"product_brand","embeddable":true,"href":"https:\/\/texturaceramics.com\/es\/wp-json\/wp\/v2\/product_brand?post=4274"},{"taxonomy":"product_cat","embeddable":true,"href":"https:\/\/texturaceramics.com\/es\/wp-json\/wp\/v2\/product_cat?post=4274"},{"taxonomy":"product_tag","embeddable":true,"href":"https:\/\/texturaceramics.com\/es\/wp-json\/wp\/v2\/product_tag?post=4274"}],"curies":[{"name":"wp","href":"https:\/\/api.w.org\/{rel}","templated":true}]}}