{"id":4497,"date":"2024-01-14T18:39:43","date_gmt":"2024-01-14T18:39:43","guid":{"rendered":"http:\/\/s1010864881.mialojamiento.es\/textura\/?post_type=product&#038;p=4497"},"modified":"2025-03-26T17:50:43","modified_gmt":"2025-03-26T17:50:43","slug":"taller-de-ceramica-crea-y-decora-tu-pieza","status":"publish","type":"product","link":"https:\/\/texturaceramics.com\/es\/producto\/taller-de-ceramica-crea-y-decora-tu-pieza\/","title":{"rendered":"Taller de cer\u00e1mica: crea y decora tu pieza"},"content":{"rendered":"<div class=\"fusion-fullwidth fullwidth-box fusion-builder-row-1 fusion-flex-container has-pattern-background has-mask-background nonhundred-percent-fullwidth non-hundred-percent-height-scrolling\" style=\"--awb-border-radius-top-left:0px;--awb-border-radius-top-right:0px;--awb-border-radius-bottom-right:0px;--awb-border-radius-bottom-left:0px;--awb-padding-top:0px;--awb-padding-bottom:0px;--awb-padding-right-small:3%;--awb-padding-left-small:3%;--awb-flex-wrap:wrap;\" ><div class=\"fusion-builder-row fusion-row fusion-flex-align-items-flex-start fusion-flex-content-wrap\" style=\"max-width:1320.8px;margin-left: calc(-4% \/ 2 );margin-right: calc(-4% \/ 2 );\"><div class=\"fusion-layout-column fusion_builder_column fusion-builder-column-0 fusion_builder_column_1_1 1_1 fusion-flex-column\" style=\"--awb-bg-size:cover;--awb-width-large:100%;--awb-margin-top-large:0px;--awb-spacing-right-large:2.56%;--awb-margin-bottom-large:0px;--awb-spacing-left-large:1.92%;--awb-width-medium:100%;--awb-order-medium:0;--awb-spacing-right-medium:1.92%;--awb-spacing-left-medium:1.92%;--awb-width-small:100%;--awb-order-small:0;--awb-spacing-right-small:1.92%;--awb-spacing-left-small:1.92%;\"><div class=\"fusion-column-wrapper fusion-column-has-shadow fusion-flex-justify-content-flex-start fusion-content-layout-column\"><div class=\"fusion-title title fusion-title-1 fusion-sep-none fusion-title-text fusion-title-size-two\" style=\"--awb-margin-top:32px;--awb-margin-bottom:26px;--awb-margin-top-small:26px;--awb-margin-right-small:0px;--awb-margin-bottom-small:16px;--awb-margin-left-small:0px;\"><h2 class=\"fusion-title-heading title-heading-left fusion-responsive-typography-calculated\" style=\"margin:0;--fontSize:44;line-height:1.26;\">Informaci\u00f3n general<\/h2><\/div><div class=\"fusion-text fusion-text-1\"><p>Si nunca has probado la cer\u00e1mica, este taller es perfecto como primer contacto.<\/p>\n<p>Tiene una duraci\u00f3n de 2,5 horas, durante las cuales te guiar\u00e9 paso a paso para hacer la pieza que elijas mediante diferentes t\u00e9cnicas de modelado. Primero crear\u00e1s la pieza y, despu\u00e9s, la decorar\u00e1s con engobes (las \u00abpinturas\u00bb de colores de la cer\u00e1mica). Podr\u00e1s elegir una de las siguientes opciones:<\/p>\n<ul>\n<li>Set para el vermut (2 piezas)<\/li>\n<li>Set de sushi (2 bandejitas y 2 salseras)<\/li>\n<li>Tabla para servir quesos, embutidos, pasteles&#8230;<\/li>\n<\/ul>\n<p>El precio del taller incluye las 2,5 h de clase, todos los materiales, las dos hornadas que necesitar\u00e1n las piezas para ser utilizables, y algo de beber y picar. Una vez terminado el taller, yo me encargar\u00e9 de hornear y esmaltar las piezas, y te avisar\u00e9 cuando puedas recogerlas (plazo aprox. de 4 semanas desde la fecha del taller).<\/p>\n<p>Los talleres se realizan en mi Atelier, en calle Lepanto 388, entresuelo 1a, de Barcelona ciudad. Son grupos muy reducidos de m\u00e1ximo 6 personas, para poder guiarte paso a paso durante todo el proceso.<\/p>\n<p>**********<\/p>\n<p><strong>CONDICIONES GENERALES DE LOS TALLERES<\/strong><\/p>\n<p>Al inscribirte en uno de mis talleres, aceptas las siguientes condiciones:<\/p>\n<ul>\n<li>El precio del taller incluye las 2,5 o 3 horas de clase (seg\u00fan el tipo de taller), todos los materiales y herramientas necesarios, el uso de un delantal para no ensuciarse, las dos hornadas necesarias para finalizar la pieza, una consumici\u00f3n por persona y algo de picar.<\/li>\n<li>El m\u00ednimo de asistentes para realizar un taller es de 4 personas. En el caso de no llegar a este m\u00ednimo, me reservo el derecho de cancelar el taller y abonarte el importe pagado.<\/li>\n<li>Una vez realizada la inscripci\u00f3n a un taller, solo se aceptan <strong>cancelaciones<\/strong> con una <strong>antelaci\u00f3n m\u00ednima de 1 semana<\/strong> respecto a la fecha del taller. Si la cancelaci\u00f3n se produce entre 1 semana y 4 d\u00edas antes del taller, tendr\u00e1s derecho al reembolso del 50% del importe pagado. Cualquier cancelaci\u00f3n realizada con menos de 4 d\u00edas de antelaci\u00f3n, no se reembolsar\u00e1. Por supuesto, en caso de no poder asistir, puedes ceder tu plaza a cualquier conocido\/a.<\/li>\n<li>Una vez reservado un taller, no se podr\u00e1n cambiar las fechas ni la pieza que se har\u00e1 en el taller elegido (si es un monogr\u00e1fico en el que todos los participantes hacen la misma pieza), a menos que se acuerde entre todos\/as los\/las participantes.<\/li>\n<li>Una vez finalizado el taller, yo me encargar\u00e9 de hornear las piezas y esmaltarlas, y te avisar\u00e9 cuando puedas pasar a recoger la pieza terminada (en un plazo de 4 a 6 semanas desde la fecha del taller).<\/li>\n<li>Tendr\u00e1s un plazo de 5 semanas para recoger tu pieza, a contar desde la fecha en que te avise por correo electr\u00f3nico de que est\u00e1 lista. No me comprometo a guardar las piezas m\u00e1s all\u00e1 de ese plazo, mi taller es peque\u00f1ito y necesito el espacio.<\/li>\n<li>No me puedo responsabilizar de la rotura de piezas una vez finalizado el taller, los procesos de la cer\u00e1mica son complejos y hay muchas cosas que pueden salir mal y que est\u00e1n m\u00e1s all\u00e1 de mi control (p. ej., grietas en las piezas, deformaciones, etc.).<\/li>\n<li>Tampoco me responsabilizo de las pertenencias de los participantes en el taller durante la realizaci\u00f3n del mismo.<\/li>\n<li>Aunque no tengo inconveniente en que reproduzcas el dise\u00f1o de alguna de mis piezas durante un taller, recuerda que esto solo est\u00e1 permitido cuando las piezas sean para uso personal y nunca para fines comerciales, ya que mis dise\u00f1os son activos de marca y poseo su propiedad intelectual. En el caso de que compartas fotos de dichas piezas en redes sociales, te agradecer\u00e9 que siempre acredites que est\u00e1n inspiradas en un dise\u00f1o de @texturaceramics.<\/li>\n<\/ul>\n<\/div><\/div><\/div><\/div><\/div>\n","protected":false},"excerpt":{"rendered":"<p>\u00bfTe gustar\u00eda hacer una pieza de cer\u00e1mica con tus propias manos y decorarla como m\u00e1s te guste?<\/p>\n<p>\u00a1Este es tu taller! Tendr\u00e1 lugar el s\u00e1bado 5 de abril a las 11 h. Grupo muy reducido de m\u00e1ximo 6 personas.<\/p>\n","protected":false},"featured_media":5046,"comment_status":"open","ping_status":"closed","template":"","meta":{"_acf_changed":false},"product_brand":[],"product_cat":[63],"product_tag":[],"class_list":{"0":"post-4497","1":"product","2":"type-product","3":"status-publish","4":"has-post-thumbnail","6":"product_cat-talleres","8":"first","9":"outofstock","10":"virtual","11":"purchasable","12":"product-type-simple"},"acf":[],"yoast_head":"<!-- This site is optimized with the Yoast SEO plugin v27.5 - https:\/\/yoast.com\/product\/yoast-seo-wordpress\/ -->\n<title>Taller de cer\u00e1mica: crea y decora tu pieza - Textura Ceramics<\/title>\n<meta name=\"description\" content=\"Taller de cer\u00e1mica para hacer y decorar tu propia pieza\" \/>\n<meta name=\"robots\" content=\"index, follow, max-snippet:-1, max-image-preview:large, max-video-preview:-1\" \/>\n<link rel=\"canonical\" href=\"https:\/\/texturaceramics.com\/producto\/pottery-workshop-make-decorate-your-own-mug-taught-in-spanish-friday\/\" \/>\n<meta property=\"og:locale\" content=\"es_ES\" \/>\n<meta property=\"og:type\" content=\"article\" \/>\n<meta property=\"og:title\" content=\"Taller de cer\u00e1mica: crea y decora tu pieza - Textura Ceramics\" \/>\n<meta property=\"og:description\" content=\"Taller de cer\u00e1mica para hacer y decorar tu propia pieza\" \/>\n<meta property=\"og:url\" content=\"https:\/\/texturaceramics.com\/producto\/pottery-workshop-make-decorate-your-own-mug-taught-in-spanish-friday\/\" \/>\n<meta property=\"og:site_name\" content=\"Textura Ceramics\" \/>\n<meta property=\"article:modified_time\" content=\"2025-03-26T17:50:43+00:00\" \/>\n<meta property=\"og:image\" content=\"https:\/\/texturaceramics.com\/wp-content\/uploads\/2024\/01\/DSC07765-e1742326198286.jpg\" \/>\n\t<meta property=\"og:image:width\" content=\"1000\" \/>\n\t<meta property=\"og:image:height\" content=\"1250\" \/>\n\t<meta property=\"og:image:type\" content=\"image\/jpeg\" \/>\n<meta name=\"twitter:card\" content=\"summary_large_image\" \/>\n<script type=\"application\/ld+json\" class=\"yoast-schema-graph\">{\"@context\":\"https:\\\/\\\/schema.org\",\"@graph\":[{\"@type\":\"WebPage\",\"@id\":\"https:\\\/\\\/texturaceramics.com\\\/producto\\\/pottery-workshop-make-decorate-your-own-mug-taught-in-spanish-friday\\\/\",\"url\":\"https:\\\/\\\/texturaceramics.com\\\/producto\\\/pottery-workshop-make-decorate-your-own-mug-taught-in-spanish-friday\\\/\",\"name\":\"Taller de cer\u00e1mica: crea y decora tu pieza - Textura Ceramics\",\"isPartOf\":{\"@id\":\"https:\\\/\\\/texturaceramics.com\\\/#website\"},\"primaryImageOfPage\":{\"@id\":\"https:\\\/\\\/texturaceramics.com\\\/producto\\\/pottery-workshop-make-decorate-your-own-mug-taught-in-spanish-friday\\\/#primaryimage\"},\"image\":{\"@id\":\"https:\\\/\\\/texturaceramics.com\\\/producto\\\/pottery-workshop-make-decorate-your-own-mug-taught-in-spanish-friday\\\/#primaryimage\"},\"thumbnailUrl\":\"https:\\\/\\\/texturaceramics.com\\\/wp-content\\\/uploads\\\/2024\\\/01\\\/DSC07765-e1742326198286.jpg\",\"datePublished\":\"2024-01-14T18:39:43+00:00\",\"dateModified\":\"2025-03-26T17:50:43+00:00\",\"description\":\"Taller de cer\u00e1mica para hacer y decorar tu propia pieza\",\"breadcrumb\":{\"@id\":\"https:\\\/\\\/texturaceramics.com\\\/producto\\\/pottery-workshop-make-decorate-your-own-mug-taught-in-spanish-friday\\\/#breadcrumb\"},\"inLanguage\":\"es\",\"potentialAction\":[{\"@type\":\"ReadAction\",\"target\":[\"https:\\\/\\\/texturaceramics.com\\\/producto\\\/pottery-workshop-make-decorate-your-own-mug-taught-in-spanish-friday\\\/\"]}]},{\"@type\":\"ImageObject\",\"inLanguage\":\"es\",\"@id\":\"https:\\\/\\\/texturaceramics.com\\\/producto\\\/pottery-workshop-make-decorate-your-own-mug-taught-in-spanish-friday\\\/#primaryimage\",\"url\":\"https:\\\/\\\/texturaceramics.com\\\/wp-content\\\/uploads\\\/2024\\\/01\\\/DSC07765-e1742326198286.jpg\",\"contentUrl\":\"https:\\\/\\\/texturaceramics.com\\\/wp-content\\\/uploads\\\/2024\\\/01\\\/DSC07765-e1742326198286.jpg\",\"width\":1000,\"height\":1250},{\"@type\":\"BreadcrumbList\",\"@id\":\"https:\\\/\\\/texturaceramics.com\\\/producto\\\/pottery-workshop-make-decorate-your-own-mug-taught-in-spanish-friday\\\/#breadcrumb\",\"itemListElement\":[{\"@type\":\"ListItem\",\"position\":1,\"name\":\"Home\",\"item\":\"https:\\\/\\\/texturaceramics.com\\\/es\\\/\"},{\"@type\":\"ListItem\",\"position\":2,\"name\":\"Shop with Sidebar\",\"item\":\"https:\\\/\\\/texturaceramics.com\\\/es\\\/shop-with-sidebar\\\/\"},{\"@type\":\"ListItem\",\"position\":3,\"name\":\"Taller de cer\u00e1mica: crea y decora tu pieza\"}]},{\"@type\":\"WebSite\",\"@id\":\"https:\\\/\\\/texturaceramics.com\\\/#website\",\"url\":\"https:\\\/\\\/texturaceramics.com\\\/\",\"name\":\"Textura Ceramics\",\"description\":\"Textura Ceramics\",\"potentialAction\":[{\"@type\":\"SearchAction\",\"target\":{\"@type\":\"EntryPoint\",\"urlTemplate\":\"https:\\\/\\\/texturaceramics.com\\\/?s={search_term_string}\"},\"query-input\":{\"@type\":\"PropertyValueSpecification\",\"valueRequired\":true,\"valueName\":\"search_term_string\"}}],\"inLanguage\":\"es\"}]}<\/script>\n<!-- \/ Yoast SEO plugin. -->","yoast_head_json":{"title":"Taller de cer\u00e1mica: crea y decora tu pieza - Textura Ceramics","description":"Taller de cer\u00e1mica para hacer y decorar tu propia pieza","robots":{"index":"index","follow":"follow","max-snippet":"max-snippet:-1","max-image-preview":"max-image-preview:large","max-video-preview":"max-video-preview:-1"},"canonical":"https:\/\/texturaceramics.com\/producto\/pottery-workshop-make-decorate-your-own-mug-taught-in-spanish-friday\/","og_locale":"es_ES","og_type":"article","og_title":"Taller de cer\u00e1mica: crea y decora tu pieza - Textura Ceramics","og_description":"Taller de cer\u00e1mica para hacer y decorar tu propia pieza","og_url":"https:\/\/texturaceramics.com\/producto\/pottery-workshop-make-decorate-your-own-mug-taught-in-spanish-friday\/","og_site_name":"Textura Ceramics","article_modified_time":"2025-03-26T17:50:43+00:00","og_image":[{"width":1000,"height":1250,"url":"https:\/\/texturaceramics.com\/wp-content\/uploads\/2024\/01\/DSC07765-e1742326198286.jpg","type":"image\/jpeg"}],"twitter_card":"summary_large_image","schema":{"@context":"https:\/\/schema.org","@graph":[{"@type":"WebPage","@id":"https:\/\/texturaceramics.com\/producto\/pottery-workshop-make-decorate-your-own-mug-taught-in-spanish-friday\/","url":"https:\/\/texturaceramics.com\/producto\/pottery-workshop-make-decorate-your-own-mug-taught-in-spanish-friday\/","name":"Taller de cer\u00e1mica: crea y decora tu pieza - Textura Ceramics","isPartOf":{"@id":"https:\/\/texturaceramics.com\/#website"},"primaryImageOfPage":{"@id":"https:\/\/texturaceramics.com\/producto\/pottery-workshop-make-decorate-your-own-mug-taught-in-spanish-friday\/#primaryimage"},"image":{"@id":"https:\/\/texturaceramics.com\/producto\/pottery-workshop-make-decorate-your-own-mug-taught-in-spanish-friday\/#primaryimage"},"thumbnailUrl":"https:\/\/texturaceramics.com\/wp-content\/uploads\/2024\/01\/DSC07765-e1742326198286.jpg","datePublished":"2024-01-14T18:39:43+00:00","dateModified":"2025-03-26T17:50:43+00:00","description":"Taller de cer\u00e1mica para hacer y decorar tu propia pieza","breadcrumb":{"@id":"https:\/\/texturaceramics.com\/producto\/pottery-workshop-make-decorate-your-own-mug-taught-in-spanish-friday\/#breadcrumb"},"inLanguage":"es","potentialAction":[{"@type":"ReadAction","target":["https:\/\/texturaceramics.com\/producto\/pottery-workshop-make-decorate-your-own-mug-taught-in-spanish-friday\/"]}]},{"@type":"ImageObject","inLanguage":"es","@id":"https:\/\/texturaceramics.com\/producto\/pottery-workshop-make-decorate-your-own-mug-taught-in-spanish-friday\/#primaryimage","url":"https:\/\/texturaceramics.com\/wp-content\/uploads\/2024\/01\/DSC07765-e1742326198286.jpg","contentUrl":"https:\/\/texturaceramics.com\/wp-content\/uploads\/2024\/01\/DSC07765-e1742326198286.jpg","width":1000,"height":1250},{"@type":"BreadcrumbList","@id":"https:\/\/texturaceramics.com\/producto\/pottery-workshop-make-decorate-your-own-mug-taught-in-spanish-friday\/#breadcrumb","itemListElement":[{"@type":"ListItem","position":1,"name":"Home","item":"https:\/\/texturaceramics.com\/es\/"},{"@type":"ListItem","position":2,"name":"Shop with Sidebar","item":"https:\/\/texturaceramics.com\/es\/shop-with-sidebar\/"},{"@type":"ListItem","position":3,"name":"Taller de cer\u00e1mica: crea y decora tu pieza"}]},{"@type":"WebSite","@id":"https:\/\/texturaceramics.com\/#website","url":"https:\/\/texturaceramics.com\/","name":"Textura Ceramics","description":"Textura Ceramics","potentialAction":[{"@type":"SearchAction","target":{"@type":"EntryPoint","urlTemplate":"https:\/\/texturaceramics.com\/?s={search_term_string}"},"query-input":{"@type":"PropertyValueSpecification","valueRequired":true,"valueName":"search_term_string"}}],"inLanguage":"es"}]}},"_links":{"self":[{"href":"https:\/\/texturaceramics.com\/es\/wp-json\/wp\/v2\/product\/4497","targetHints":{"allow":["GET"]}}],"collection":[{"href":"https:\/\/texturaceramics.com\/es\/wp-json\/wp\/v2\/product"}],"about":[{"href":"https:\/\/texturaceramics.com\/es\/wp-json\/wp\/v2\/types\/product"}],"replies":[{"embeddable":true,"href":"https:\/\/texturaceramics.com\/es\/wp-json\/wp\/v2\/comments?post=4497"}],"wp:featuredmedia":[{"embeddable":true,"href":"https:\/\/texturaceramics.com\/es\/wp-json\/wp\/v2\/media\/5046"}],"wp:attachment":[{"href":"https:\/\/texturaceramics.com\/es\/wp-json\/wp\/v2\/media?parent=4497"}],"wp:term":[{"taxonomy":"product_brand","embeddable":true,"href":"https:\/\/texturaceramics.com\/es\/wp-json\/wp\/v2\/product_brand?post=4497"},{"taxonomy":"product_cat","embeddable":true,"href":"https:\/\/texturaceramics.com\/es\/wp-json\/wp\/v2\/product_cat?post=4497"},{"taxonomy":"product_tag","embeddable":true,"href":"https:\/\/texturaceramics.com\/es\/wp-json\/wp\/v2\/product_tag?post=4497"}],"curies":[{"name":"wp","href":"https:\/\/api.w.org\/{rel}","templated":true}]}}