{"id":5076,"date":"2025-04-19T19:50:05","date_gmt":"2025-04-19T19:50:05","guid":{"rendered":"https:\/\/texturaceramics.com\/?post_type=product&#038;p=5076"},"modified":"2025-04-19T20:09:36","modified_gmt":"2025-04-19T20:09:36","slug":"plato-joyero-gato","status":"publish","type":"product","link":"https:\/\/texturaceramics.com\/es\/producto\/plato-joyero-gato\/","title":{"rendered":"Plato joyero gato"},"content":{"rendered":"<div class=\"fusion-fullwidth fullwidth-box fusion-builder-row-1 fusion-flex-container has-pattern-background has-mask-background nonhundred-percent-fullwidth non-hundred-percent-height-scrolling\" style=\"--awb-border-radius-top-left:0px;--awb-border-radius-top-right:0px;--awb-border-radius-bottom-right:0px;--awb-border-radius-bottom-left:0px;--awb-padding-top:0px;--awb-padding-bottom:0px;--awb-padding-right-small:3%;--awb-padding-left-small:3%;--awb-flex-wrap:wrap;\" ><div class=\"fusion-builder-row fusion-row fusion-flex-align-items-flex-start fusion-flex-content-wrap\" style=\"max-width:1320.8px;margin-left: calc(-4% \/ 2 );margin-right: calc(-4% \/ 2 );\"><div class=\"fusion-layout-column fusion_builder_column fusion-builder-column-0 fusion_builder_column_1_1 1_1 fusion-flex-column\" style=\"--awb-bg-size:cover;--awb-width-large:100%;--awb-margin-top-large:0px;--awb-spacing-right-large:2.56%;--awb-margin-bottom-large:0px;--awb-spacing-left-large:1.92%;--awb-width-medium:100%;--awb-order-medium:0;--awb-spacing-right-medium:1.92%;--awb-spacing-left-medium:1.92%;--awb-width-small:100%;--awb-order-small:0;--awb-spacing-right-small:1.92%;--awb-spacing-left-small:1.92%;\"><div class=\"fusion-column-wrapper fusion-column-has-shadow fusion-flex-justify-content-flex-start fusion-content-layout-column\"><div class=\"fusion-title title fusion-title-1 fusion-sep-none fusion-title-text fusion-title-size-two\" style=\"--awb-margin-top:32px;--awb-margin-bottom:26px;--awb-margin-top-small:26px;--awb-margin-right-small:0px;--awb-margin-bottom-small:16px;--awb-margin-left-small:0px;\"><h2 class=\"fusion-title-heading title-heading-left fusion-responsive-typography-calculated\" style=\"margin:0;--fontSize:44;line-height:1.26;\">Descripci\u00f3n<\/h2><\/div><div class=\"fusion-text fusion-text-1\"><p>Plato joyero con forma de gato. Cada uno de estos platitos est\u00e1 hecho completamente a mano con porcelana en mi peque\u00f1o taller de Barcelona, por lo que todos son un poco diferentes y \u00fanicos.<\/p>\n<p>Tama\u00f1o: 7,5 x 7,5 x 1,5 cm<\/p>\n<p>Todas mis piezas son de porcelana, la m\u00e1s resistente y duradera de las cer\u00e1micas.<\/p>\n<p>Ten en cuenta que, al estar hechos a mano uno a uno, puede haber peque\u00f1as diferencias en el dise\u00f1o o tama\u00f1o entre los platitos de las fotograf\u00edas y el que recibas, as\u00ed como entre dos o m\u00e1s platitos del mismo modelo.<\/p>\n<p>Al comprar este platito, est\u00e1s comprando una pieza artesanal \u00fanica y especial.<\/p>\n<p>**********************<\/p>\n<p>COMPRADORES DE FRANCIA, ALEMANIA, PORTUGAL Y PA\u00cdSES BAJOS: para minimizar el coste del env\u00edo, utilizo InPost\/Mondial Relay, lo cual significa que el paquete no se entrega en tu domicilio, sino en un punto de recogida que t\u00fa mismo\/a podr\u00e1s seleccionar. Me pondr\u00e9 en contacto contigo en cuanto reciba tu pedido para que me digas qu\u00e9 punto de recogida te va mejor. Ponte en contacto conmigo si prefieres env\u00edo a tu domicilio: crear\u00e9 una opci\u00f3n de env\u00edo para ti con la diferencia de precio.<\/p>\n<p>SI TU PA\u00cdS NO APARECE EN LAS OPCIONES DE ENV\u00cdO, contacta conmigo por email y te calcular\u00e9 el coste del env\u00edo para tu pa\u00eds.<\/p>\n<p>\u00bfQuieres ver otros productos de mi tienda? Visita:<\/p>\n<p>https:\/\/www.etsy.com\/shop\/TexturaCeramics<\/p>\n<p>S\u00edgueme en Instagram para estar al d\u00eda de los \u00faltimos lanzamientos y noticias:<\/p>\n<p>https:\/\/www.instagram.com\/texturaceramics\/<\/p>\n<p>\u00a1Gracias por visitar mi tienda!<\/p>\n<p>**********************<\/p>\n<p>EMBALAJE: solo utilizo materiales reciclables para el embalaje. Las virutas blancas son compostables.<\/p>\n<p>Si tienes alguna pregunta o petici\u00f3n especial, env\u00edame un mensaje. Estar\u00e9 encantada de ayudarte.<\/p>\n<p>INFORMACI\u00d3N IMPORTANTE<\/p>\n<p>&#8211; Los gastos de env\u00edo de las devoluciones o cambios corren a cargo del cliente.<\/p>\n<p>&#8211; Para los pa\u00edses de fuera de la UE, pueden aplicarse impuestos de aduanas y aranceles que deban abonarse en el momento de la entrega. Lamentablemente, no puedo predecir el importe ya que cada pa\u00eds tiene su propia normativa.<\/p>\n<p>\u00a9 Copyright de todos los contenidos y dise\u00f1os de Textura Ceramics.<\/p>\n<\/div><\/div><\/div><\/div><\/div>\n","protected":false},"excerpt":{"rendered":"<p>Guarda tus pendientes y anillos en este irresistible platito felino.<\/p>\n<p><strong>Datos importantes:<\/strong><\/p>\n<ul>\n<li>Porcelana<\/li>\n<li>Hecho a mano<\/li>\n<li>Al comprar este producto, apoyas la artesan\u00eda y mi peque\u00f1a marca.<\/li>\n<\/ul>\n","protected":false},"featured_media":5088,"comment_status":"open","ping_status":"closed","template":"","meta":{"_acf_changed":false},"product_brand":[],"product_cat":[62],"product_tag":[],"class_list":{"0":"post-5076","1":"product","2":"type-product","3":"status-publish","4":"has-post-thumbnail","6":"product_cat-decoracion","8":"first","9":"instock","10":"featured","11":"purchasable","12":"product-type-simple"},"acf":[],"yoast_head":"<!-- This site is optimized with the Yoast SEO plugin v27.3 - https:\/\/yoast.com\/product\/yoast-seo-wordpress\/ -->\n<title>Plato joyero gato - Textura Ceramics<\/title>\n<meta name=\"description\" content=\"plato joyero gato blanco porcelana plato anillos en forma de gato\" \/>\n<meta name=\"robots\" content=\"index, follow, max-snippet:-1, max-image-preview:large, max-video-preview:-1\" \/>\n<link rel=\"canonical\" href=\"https:\/\/texturaceramics.com\/producto\/cat-trinket-dish\/\" \/>\n<meta property=\"og:locale\" content=\"es_ES\" \/>\n<meta property=\"og:type\" content=\"article\" \/>\n<meta property=\"og:title\" content=\"Plato joyero gato - Textura Ceramics\" \/>\n<meta property=\"og:description\" content=\"plato joyero gato blanco porcelana plato anillos en forma de gato\" \/>\n<meta property=\"og:url\" content=\"https:\/\/texturaceramics.com\/producto\/cat-trinket-dish\/\" \/>\n<meta property=\"og:site_name\" content=\"Textura Ceramics\" \/>\n<meta property=\"article:modified_time\" content=\"2025-04-19T20:09:36+00:00\" \/>\n<meta property=\"og:image\" content=\"https:\/\/texturaceramics.com\/wp-content\/uploads\/2025\/04\/DSC07943-e1745092782309.jpg\" \/>\n\t<meta property=\"og:image:width\" content=\"525\" \/>\n\t<meta property=\"og:image:height\" content=\"525\" \/>\n\t<meta property=\"og:image:type\" content=\"image\/jpeg\" \/>\n<meta name=\"twitter:card\" content=\"summary_large_image\" \/>\n<script type=\"application\/ld+json\" class=\"yoast-schema-graph\">{\"@context\":\"https:\\\/\\\/schema.org\",\"@graph\":[{\"@type\":\"WebPage\",\"@id\":\"https:\\\/\\\/texturaceramics.com\\\/producto\\\/cat-trinket-dish\\\/\",\"url\":\"https:\\\/\\\/texturaceramics.com\\\/producto\\\/cat-trinket-dish\\\/\",\"name\":\"Plato joyero gato - Textura Ceramics\",\"isPartOf\":{\"@id\":\"https:\\\/\\\/texturaceramics.com\\\/#website\"},\"primaryImageOfPage\":{\"@id\":\"https:\\\/\\\/texturaceramics.com\\\/producto\\\/cat-trinket-dish\\\/#primaryimage\"},\"image\":{\"@id\":\"https:\\\/\\\/texturaceramics.com\\\/producto\\\/cat-trinket-dish\\\/#primaryimage\"},\"thumbnailUrl\":\"https:\\\/\\\/texturaceramics.com\\\/wp-content\\\/uploads\\\/2025\\\/04\\\/DSC07943-e1745092782309.jpg\",\"datePublished\":\"2025-04-19T19:50:05+00:00\",\"dateModified\":\"2025-04-19T20:09:36+00:00\",\"description\":\"plato joyero gato blanco porcelana plato anillos en forma de gato\",\"breadcrumb\":{\"@id\":\"https:\\\/\\\/texturaceramics.com\\\/producto\\\/cat-trinket-dish\\\/#breadcrumb\"},\"inLanguage\":\"es\",\"potentialAction\":[{\"@type\":\"ReadAction\",\"target\":[\"https:\\\/\\\/texturaceramics.com\\\/producto\\\/cat-trinket-dish\\\/\"]}]},{\"@type\":\"ImageObject\",\"inLanguage\":\"es\",\"@id\":\"https:\\\/\\\/texturaceramics.com\\\/producto\\\/cat-trinket-dish\\\/#primaryimage\",\"url\":\"https:\\\/\\\/texturaceramics.com\\\/wp-content\\\/uploads\\\/2025\\\/04\\\/DSC07943-e1745092782309.jpg\",\"contentUrl\":\"https:\\\/\\\/texturaceramics.com\\\/wp-content\\\/uploads\\\/2025\\\/04\\\/DSC07943-e1745092782309.jpg\",\"width\":525,\"height\":525},{\"@type\":\"BreadcrumbList\",\"@id\":\"https:\\\/\\\/texturaceramics.com\\\/producto\\\/cat-trinket-dish\\\/#breadcrumb\",\"itemListElement\":[{\"@type\":\"ListItem\",\"position\":1,\"name\":\"Home\",\"item\":\"https:\\\/\\\/texturaceramics.com\\\/es\\\/\"},{\"@type\":\"ListItem\",\"position\":2,\"name\":\"Shop with Sidebar\",\"item\":\"https:\\\/\\\/texturaceramics.com\\\/es\\\/shop-with-sidebar\\\/\"},{\"@type\":\"ListItem\",\"position\":3,\"name\":\"Plato joyero gato\"}]},{\"@type\":\"WebSite\",\"@id\":\"https:\\\/\\\/texturaceramics.com\\\/#website\",\"url\":\"https:\\\/\\\/texturaceramics.com\\\/\",\"name\":\"Textura Ceramics\",\"description\":\"Textura Ceramics\",\"potentialAction\":[{\"@type\":\"SearchAction\",\"target\":{\"@type\":\"EntryPoint\",\"urlTemplate\":\"https:\\\/\\\/texturaceramics.com\\\/?s={search_term_string}\"},\"query-input\":{\"@type\":\"PropertyValueSpecification\",\"valueRequired\":true,\"valueName\":\"search_term_string\"}}],\"inLanguage\":\"es\"}]}<\/script>\n<!-- \/ Yoast SEO plugin. -->","yoast_head_json":{"title":"Plato joyero gato - Textura Ceramics","description":"plato joyero gato blanco porcelana plato anillos en forma de gato","robots":{"index":"index","follow":"follow","max-snippet":"max-snippet:-1","max-image-preview":"max-image-preview:large","max-video-preview":"max-video-preview:-1"},"canonical":"https:\/\/texturaceramics.com\/producto\/cat-trinket-dish\/","og_locale":"es_ES","og_type":"article","og_title":"Plato joyero gato - Textura Ceramics","og_description":"plato joyero gato blanco porcelana plato anillos en forma de gato","og_url":"https:\/\/texturaceramics.com\/producto\/cat-trinket-dish\/","og_site_name":"Textura Ceramics","article_modified_time":"2025-04-19T20:09:36+00:00","og_image":[{"width":525,"height":525,"url":"https:\/\/texturaceramics.com\/wp-content\/uploads\/2025\/04\/DSC07943-e1745092782309.jpg","type":"image\/jpeg"}],"twitter_card":"summary_large_image","schema":{"@context":"https:\/\/schema.org","@graph":[{"@type":"WebPage","@id":"https:\/\/texturaceramics.com\/producto\/cat-trinket-dish\/","url":"https:\/\/texturaceramics.com\/producto\/cat-trinket-dish\/","name":"Plato joyero gato - Textura Ceramics","isPartOf":{"@id":"https:\/\/texturaceramics.com\/#website"},"primaryImageOfPage":{"@id":"https:\/\/texturaceramics.com\/producto\/cat-trinket-dish\/#primaryimage"},"image":{"@id":"https:\/\/texturaceramics.com\/producto\/cat-trinket-dish\/#primaryimage"},"thumbnailUrl":"https:\/\/texturaceramics.com\/wp-content\/uploads\/2025\/04\/DSC07943-e1745092782309.jpg","datePublished":"2025-04-19T19:50:05+00:00","dateModified":"2025-04-19T20:09:36+00:00","description":"plato joyero gato blanco porcelana plato anillos en forma de gato","breadcrumb":{"@id":"https:\/\/texturaceramics.com\/producto\/cat-trinket-dish\/#breadcrumb"},"inLanguage":"es","potentialAction":[{"@type":"ReadAction","target":["https:\/\/texturaceramics.com\/producto\/cat-trinket-dish\/"]}]},{"@type":"ImageObject","inLanguage":"es","@id":"https:\/\/texturaceramics.com\/producto\/cat-trinket-dish\/#primaryimage","url":"https:\/\/texturaceramics.com\/wp-content\/uploads\/2025\/04\/DSC07943-e1745092782309.jpg","contentUrl":"https:\/\/texturaceramics.com\/wp-content\/uploads\/2025\/04\/DSC07943-e1745092782309.jpg","width":525,"height":525},{"@type":"BreadcrumbList","@id":"https:\/\/texturaceramics.com\/producto\/cat-trinket-dish\/#breadcrumb","itemListElement":[{"@type":"ListItem","position":1,"name":"Home","item":"https:\/\/texturaceramics.com\/es\/"},{"@type":"ListItem","position":2,"name":"Shop with Sidebar","item":"https:\/\/texturaceramics.com\/es\/shop-with-sidebar\/"},{"@type":"ListItem","position":3,"name":"Plato joyero gato"}]},{"@type":"WebSite","@id":"https:\/\/texturaceramics.com\/#website","url":"https:\/\/texturaceramics.com\/","name":"Textura Ceramics","description":"Textura Ceramics","potentialAction":[{"@type":"SearchAction","target":{"@type":"EntryPoint","urlTemplate":"https:\/\/texturaceramics.com\/?s={search_term_string}"},"query-input":{"@type":"PropertyValueSpecification","valueRequired":true,"valueName":"search_term_string"}}],"inLanguage":"es"}]}},"_links":{"self":[{"href":"https:\/\/texturaceramics.com\/es\/wp-json\/wp\/v2\/product\/5076","targetHints":{"allow":["GET"]}}],"collection":[{"href":"https:\/\/texturaceramics.com\/es\/wp-json\/wp\/v2\/product"}],"about":[{"href":"https:\/\/texturaceramics.com\/es\/wp-json\/wp\/v2\/types\/product"}],"replies":[{"embeddable":true,"href":"https:\/\/texturaceramics.com\/es\/wp-json\/wp\/v2\/comments?post=5076"}],"wp:featuredmedia":[{"embeddable":true,"href":"https:\/\/texturaceramics.com\/es\/wp-json\/wp\/v2\/media\/5088"}],"wp:attachment":[{"href":"https:\/\/texturaceramics.com\/es\/wp-json\/wp\/v2\/media?parent=5076"}],"wp:term":[{"taxonomy":"product_brand","embeddable":true,"href":"https:\/\/texturaceramics.com\/es\/wp-json\/wp\/v2\/product_brand?post=5076"},{"taxonomy":"product_cat","embeddable":true,"href":"https:\/\/texturaceramics.com\/es\/wp-json\/wp\/v2\/product_cat?post=5076"},{"taxonomy":"product_tag","embeddable":true,"href":"https:\/\/texturaceramics.com\/es\/wp-json\/wp\/v2\/product_tag?post=5076"}],"curies":[{"name":"wp","href":"https:\/\/api.w.org\/{rel}","templated":true}]}}